{"id":13,"date":"2013-09-25T06:34:49","date_gmt":"2013-09-25T05:34:49","guid":{"rendered":"http:\/\/firetraite.ch\/wordpress\/?page_id=13"},"modified":"2020-10-04T13:54:36","modified_gmt":"2020-10-04T11:54:36","slug":"les-activites","status":"publish","type":"page","link":"https:\/\/firetraite.ch\/wordpress\/?page_id=13","title":{"rendered":"Les activit\u00e9s"},"content":{"rendered":"<p><a href=\"https:\/\/firetraite.ch\/wordpress\/wp-content\/uploads\/2020\/02\/Activit\u00e9.jpg\"><img loading=\"lazy\" decoding=\"async\" class=\"alignleft wp-image-2772\" src=\"https:\/\/firetraite.ch\/wordpress\/wp-content\/uploads\/2020\/02\/Activit\u00e9-269x300.jpg\" alt=\"\" width=\"172\" height=\"191\" srcset=\"https:\/\/firetraite.ch\/wordpress\/wp-content\/uploads\/2020\/02\/Activit\u00e9-269x300.jpg 269w, https:\/\/firetraite.ch\/wordpress\/wp-content\/uploads\/2020\/02\/Activit\u00e9.jpg 272w\" sizes=\"auto, (max-width: 172px) 100vw, 172px\" \/><\/a>Dans les pages suivantes, vous trouverez les descriptions de nos activit\u00e9s repas et sorties.<\/p>\n<p>Les inscriptions peuvent se faire \u00e0 partir de la page d&rsquo;annonce de l&rsquo;activit\u00e9.<\/p>\n<p>Certaines activit\u00e9s sont payantes, votre paiement fait foi d&rsquo;inscription, le BVR se t\u00e9l\u00e9charge depuis le lien suivant : <a href=\"https:\/\/firetraite.ch\/amicale_info\/BVR firetraite.pdf\">Bulletin de versement<\/a><\/p>\n","protected":false},"excerpt":{"rendered":"<p>Dans les pages suivantes, vous trouverez les descriptions de nos activit\u00e9s repas et sorties. Les inscriptions peuvent se faire \u00e0 partir de la page d&rsquo;annonce de l&rsquo;activit\u00e9. Certaines activit\u00e9s sont payantes, votre paiement fait foi d&rsquo;inscription, le BVR se t\u00e9l\u00e9charge &hellip; <a href=\"https:\/\/firetraite.ch\/wordpress\/?page_id=13\">Continuer la lecture <span class=\"meta-nav\">&rarr;<\/span><\/a><\/p>\n","protected":false},"author":1,"featured_media":0,"parent":0,"menu_order":0,"comment_status":"closed","ping_status":"closed","template":"showcase.php","meta":{"footnotes":""},"class_list":["post-13","page","type-page","status-publish","hentry"],"_links":{"self":[{"href":"https:\/\/firetraite.ch\/wordpress\/index.php?rest_route=\/wp\/v2\/pages\/13","targetHints":{"allow":["GET"]}}],"collection":[{"href":"https:\/\/firetraite.ch\/wordpress\/index.php?rest_route=\/wp\/v2\/pages"}],"about":[{"href":"https:\/\/firetraite.ch\/wordpress\/index.php?rest_route=\/wp\/v2\/types\/page"}],"author":[{"embeddable":true,"href":"https:\/\/firetraite.ch\/wordpress\/index.php?rest_route=\/wp\/v2\/users\/1"}],"replies":[{"embeddable":true,"href":"https:\/\/firetraite.ch\/wordpress\/index.php?rest_route=%2Fwp%2Fv2%2Fcomments&post=13"}],"version-history":[{"count":10,"href":"https:\/\/firetraite.ch\/wordpress\/index.php?rest_route=\/wp\/v2\/pages\/13\/revisions"}],"predecessor-version":[{"id":2979,"href":"https:\/\/firetraite.ch\/wordpress\/index.php?rest_route=\/wp\/v2\/pages\/13\/revisions\/2979"}],"wp:attachment":[{"href":"https:\/\/firetraite.ch\/wordpress\/index.php?rest_route=%2Fwp%2Fv2%2Fmedia&parent=13"}],"curies":[{"name":"wp","href":"https:\/\/api.w.org\/{rel}","templated":true}]}}