{"id":1416,"date":"2015-12-22T18:40:41","date_gmt":"2015-12-22T17:40:41","guid":{"rendered":"http:\/\/firetraite.ch\/wordpress\/?page_id=1416"},"modified":"2023-12-02T21:25:10","modified_gmt":"2023-12-02T20:25:10","slug":"editions-2013","status":"publish","type":"page","link":"https:\/\/firetraite.ch\/wordpress\/?page_id=1416","title":{"rendered":"Editions 2013"},"content":{"rendered":"<p><strong>Amical<em>Info<\/em> N\u00b0 112 de d\u00e9cembre 2013<\/strong><\/p>\n<p><a href=\"https:\/\/firetraite.ch\/amicale_info\/2013\/2013_12_Le billet du Pr\u00e9sident.pdf\" target=\"_blank\" rel=\"noopener noreferrer\">Le billet du Pr\u00e9sident<\/a> &#8211; \u00a0 <em>Charles Golay<br \/>\n<\/em>Les repas : <a href=\"https:\/\/firetraite.ch\/amicale_info\/2013\/2013_12_Repas du 4 juin.pdf\" target=\"_blank\" rel=\"noopener noreferrer\">4 juin<\/a> &#8211; <a href=\"https:\/\/firetraite.ch\/amicale_info\/2013\/2013_12_Repas du 24 septembre.pdf\" target=\"_blank\" rel=\"noopener noreferrer\">24 septembre<\/a> &#8211; <a href=\"https:\/\/firetraite.ch\/amicale_info\/2013\/2013_12_Choucroute du 7 nov.pdf\" target=\"_blank\" rel=\"noopener noreferrer\">Choucroute<\/a><em> &#8211; Ghislaine Geiser<\/em><em><br \/>\n<\/em><a href=\"https:\/\/firetraite.ch\/amicale_info\/2013\/2013_12_L Escalade - Gen\u00e8ve 1602.pdf\" target=\"_blank\" rel=\"noopener noreferrer\">L&rsquo;Escalade &#8211; Gen\u00e8ve 12 d\u00e9cembre 1602 heure par heure<\/a><em> &#8211; Renzo Cardini<br \/>\n<\/em><a href=\"https:\/\/firetraite.ch\/amicale_info\/2013\/2013_12_No\u00ebl et Cie.pdf\" target=\"_blank\" rel=\"noopener noreferrer\">No\u00ebl &amp; Cie<\/a><em> &#8211; Renzo Cardini<br \/>\n<\/em><a href=\"https:\/\/firetraite.ch\/amicale_info\/2013\/2013_12_Les zouzouteries.pdf\" target=\"_blank\" rel=\"noopener noreferrer\">Les zouzouteries<\/a><a href=\"https:\/\/firetraite.ch\/amicale_info\/20131001_Abecedaire 2012.pdf\"><em> &#8211; Vincent Zumwald<\/em><br \/>\n<\/a><a href=\"https:\/\/firetraite.ch\/amicale_info\/2013\/2013_12_Gen\u00e8ve et les femmes.pdf\" target=\"_blank\" rel=\"noopener noreferrer\">Gen\u00e8ve et les femmes<\/a> <em>&#8211; Renzo Cardini<\/em><em><br \/>\n<\/em><a href=\"https:\/\/firetraite.ch\/amicale_info\/2013\/2013_12_Reflexions.pdf\" target=\"_blank\" rel=\"noopener noreferrer\">R\u00e9flexions<\/a><em> &#8211; Renzo Cardini<\/em><em><br \/>\n<\/em><a href=\"https:\/\/firetraite.ch\/amicale_info\/2013\/2013_12_Nouvelles des membres.pdf\" target=\"_blank\" rel=\"noopener noreferrer\">Nouvelles des membres<\/a> &#8211; <em>Serge Barbey<\/em><\/p>\n<p><strong>Amical<em>Info<\/em> N\u00b0 111 de septembre 2013<\/strong><\/p>\n<p><a href=\"https:\/\/firetraite.ch\/amicale_info\/2013\/20131001 Abc.pdf\" target=\"_blank\" rel=\"noopener noreferrer\">Ab\u00e9c\u00e9daire 2012<\/a> &#8211; \u00a0 <em>Renzo Cardini<\/em><a href=\"https:\/\/firetraite.ch\/amicale_info\/20131001_Abecedaire 2012.pdf\" target=\"_blank\" rel=\"noopener noreferrer\"><br \/>\n<\/a><a href=\"https:\/\/firetraite.ch\/amicale_info\/2013\/20131001_Les zouzouteries vieillissantes.pdf\" target=\"_blank\" rel=\"noopener noreferrer\">Les zouzouteries vieillissantes<\/a><a href=\"https:\/\/firetraite.ch\/amicale_info\/20131001_Abecedaire 2012.pdf\"><em> &#8211; Vincent Zumwald<\/em><br \/>\n<\/a><a href=\"https:\/\/firetraite.ch\/amicale_info\/2013\/20131001_Les armoiries de Gen\u00e8ve.pdf\" target=\"_blank\" rel=\"noopener noreferrer\">Les armoiries de Gen\u00e8ve<\/a><em> &#8211; Renzo Cardini<br \/>\n<\/em><a href=\"https:\/\/firetraite.ch\/amicale_info\/2013\/2013_09 Bol dor.pdf\" target=\"_blank\" rel=\"noopener noreferrer\">Le Bol d&rsquo;or<\/a><em> &#8211; Renzo Cardini<br \/>\n<\/em><a href=\"https:\/\/firetraite.ch\/amicale_info\/2013\/20131001_Une rencontre en Mongolie.pdf\" target=\"_blank\" rel=\"noopener noreferrer\">Une rencontre en Mongolie<\/a><em> &#8211; Claude Maury<\/em><a href=\"https:\/\/firetraite.ch\/amicale_info\/20131001_Abecedaire 2012.pdf\"><br \/>\n<\/a><a href=\"https:\/\/firetraite.ch\/amicale_info\/2013\/20131001_Nouvelles des membres.pdf\" target=\"_blank\" rel=\"noopener noreferrer\">Nouvelles des membres<\/a> &#8211; <em>Serge Barbey<\/em><\/p>\n","protected":false},"excerpt":{"rendered":"<p>AmicalInfo N\u00b0 112 de d\u00e9cembre 2013 Le billet du Pr\u00e9sident &#8211; \u00a0 Charles Golay Les repas : 4 juin &#8211; 24 septembre &#8211; Choucroute &#8211; Ghislaine Geiser L&rsquo;Escalade &#8211; Gen\u00e8ve 12 d\u00e9cembre 1602 heure par heure &#8211; Renzo Cardini No\u00ebl &hellip; <a href=\"https:\/\/firetraite.ch\/wordpress\/?page_id=1416\">Continuer la lecture <span class=\"meta-nav\">&rarr;<\/span><\/a><\/p>\n","protected":false},"author":1,"featured_media":0,"parent":97,"menu_order":0,"comment_status":"closed","ping_status":"closed","template":"showcase.php","meta":{"footnotes":""},"class_list":["post-1416","page","type-page","status-publish","hentry"],"_links":{"self":[{"href":"https:\/\/firetraite.ch\/wordpress\/index.php?rest_route=\/wp\/v2\/pages\/1416","targetHints":{"allow":["GET"]}}],"collection":[{"href":"https:\/\/firetraite.ch\/wordpress\/index.php?rest_route=\/wp\/v2\/pages"}],"about":[{"href":"https:\/\/firetraite.ch\/wordpress\/index.php?rest_route=\/wp\/v2\/types\/page"}],"author":[{"embeddable":true,"href":"https:\/\/firetraite.ch\/wordpress\/index.php?rest_route=\/wp\/v2\/users\/1"}],"replies":[{"embeddable":true,"href":"https:\/\/firetraite.ch\/wordpress\/index.php?rest_route=%2Fwp%2Fv2%2Fcomments&post=1416"}],"version-history":[{"count":9,"href":"https:\/\/firetraite.ch\/wordpress\/index.php?rest_route=\/wp\/v2\/pages\/1416\/revisions"}],"predecessor-version":[{"id":3961,"href":"https:\/\/firetraite.ch\/wordpress\/index.php?rest_route=\/wp\/v2\/pages\/1416\/revisions\/3961"}],"up":[{"embeddable":true,"href":"https:\/\/firetraite.ch\/wordpress\/index.php?rest_route=\/wp\/v2\/pages\/97"}],"wp:attachment":[{"href":"https:\/\/firetraite.ch\/wordpress\/index.php?rest_route=%2Fwp%2Fv2%2Fmedia&parent=1416"}],"curies":[{"name":"wp","href":"https:\/\/api.w.org\/{rel}","templated":true}]}}