{"id":1441,"date":"2016-02-10T16:39:42","date_gmt":"2016-02-10T15:39:42","guid":{"rendered":"http:\/\/firetraite.ch\/wordpress\/?page_id=1441"},"modified":"2016-03-08T16:00:26","modified_gmt":"2016-03-08T15:00:26","slug":"2015-2","status":"publish","type":"page","link":"https:\/\/firetraite.ch\/wordpress\/?page_id=1441","title":{"rendered":"Editions 2015"},"content":{"rendered":"<p><strong>Edition N\u00b0 120 D\u00e9cembre 2015<\/strong><a href=\"https:\/\/firetraite.ch\/amicale_info\/2015\/120 Air Zermatt.pdf\" target=\"_blank\"><br \/>\nAir Zermatt<\/a><em> &#8211; Renzo Cardini<\/em><em><\/em><br \/>\n<a href=\"https:\/\/firetraite.ch\/amicale_info\/2015\/120 COP21.pdf\" target=\"_blank\">COP21 et COOP<\/a> &#8211; <em>Les zouzouteries de<\/em> <em>Vincent Zumwald<\/em><br \/>\n<a href=\"https:\/\/firetraite.ch\/amicale_info\/2015\/120 Langue fran\u00e7aise.pdf\" target=\"_blank\">La langue fran\u00e7aise<\/a> &#8211; <em>Les zouzouteries de<\/em> <em>Vincent Zumwald<\/em><br \/>\n<a href=\"https:\/\/firetraite.ch\/amicale_info\/2015\/120 Sortie du 1er octobre.pdf\" target=\"_blank\">Sortie Open du 1er octobre<\/a> &#8211; <em>Claude Maury<\/em><em><\/em><br \/>\n<a href=\"https:\/\/firetraite.ch\/amicale_info\/2015\/120 Velasquez.pdf\" target=\"_blank\">Velasquez<\/a> &#8211; <em>Renzo Cardini<\/em><em><br \/>\n<\/em><a href=\"https:\/\/firetraite.ch\/amicale_info\/2015\/120 Repas choucroute.pdf\" target=\"_blank\">Repas choucroute<\/a> &#8211; <em>Monica Heeney<\/em><br \/>\n<a href=\"https:\/\/firetraite.ch\/amicale_info\/2015\/120 Le billet du pr\u00e9sident.pdf\" target=\"_blank\">Le billet du Pr\u00e9sident<\/a><em> &#8211; Charles Golay<br \/>\n<\/em><a href=\"https:\/\/firetraite.ch\/amicale_info\/2015\/120 Visite \u00e0 la Bambouseraie.pdf\" target=\"_blank\">Visite \u00e0 la Bambouseraie<\/a><em> &#8211; Claude Maury<\/em><em><\/em><br \/>\n<a href=\"https:\/\/firetraite.ch\/amicale_info\/2015\/120 Nouvelles des membres.pdf\" target=\"_blank\">Nouvelles des membres<\/a> &#8211; <em>Serge Barbey<\/em><em><br \/>\n<\/em><\/p>\n<p><strong>Edition N\u00b0 119 Septembre 2015<\/strong><\/p>\n<p><a href=\"https:\/\/firetraite.ch\/amicale_info\/2015\/119 Homo sapiens \u00e0 homo mobilis.pdf\" target=\"_blank\">Homo sapiens \u00e0 homo mobilis<\/a> &#8211; <em>Renzo Cardini<\/em><em><\/em><br \/>\n<a href=\"https:\/\/firetraite.ch\/amicale_info\/2015\/119 Les zouzouteries.pdf\" target=\"_blank\">Les Zouzou(fumis)teries<\/a> &#8211; <em>Vincent Zumwald<\/em><em><\/em><br \/>\n<a href=\"https:\/\/firetraite.ch\/amicale_info\/2015\/119 Le djebel siroua.pdf\" target=\"_blank\">Le djebel Siroua<\/a> &#8211; <em>Claude Maury<\/em><em><\/em><br \/>\n<a href=\"https:\/\/firetraite.ch\/amicale_info\/2015\/119 Le L\u00e9man.pdf\" target=\"_blank\">Le L\u00e9man<\/a> &#8211; <em>Renzo Cardini<\/em><em><\/em><br \/>\n<a href=\"https:\/\/firetraite.ch\/amicale_info\/2015\/119 Repas sept 2015.pdf\" target=\"_blank\">Repas du 10 septembre 2015<\/a> &#8211; <em>Josef Limacher<\/em><em><\/em><br \/>\n<a href=\"https:\/\/firetraite.ch\/amicale_info\/2015\/119 Nouvelles des membres.pdf\" target=\"_blank\">Nouvelles des membres<\/a> &#8211; <em>Serge Barbey<\/em><em><br \/>\n<\/em><\/p>\n<p><strong>Edition N\u00b0 118 Juin 2015<\/strong><\/p>\n<p><a href=\"https:\/\/firetraite.ch\/amicale_info\/2015\/118 anniversaire.pdf\" target=\"_blank\">Triste anniversaire<\/a> &#8211; <em>Renzo Cardini<\/em><br \/>\n<a href=\"https:\/\/firetraite.ch\/wordpress\/?page_id=1278\" target=\"_blank\">Les diff\u00e9rents intervenants de la nouvelle assurance<\/a> &#8211;<em> Marc Lebrun<\/em><br \/>\n<a href=\"https:\/\/firetraite.ch\/amicale_info\/2015\/118 Les Zouzouteries sont en crise.pdf\" target=\"_blank\">Les Zouzouteries sont en crise<\/a> &#8211; <em>Vincent Zumwald<\/em><br \/>\n<a href=\"https:\/\/firetraite.ch\/wordpress\/?page_id=1310\" target=\"_blank\">Liste des th\u00e9\u00e2tres pour lesquels firloisir poss\u00e8de un abonnement<\/a> &#8211; <em>Ren\u00e9 Morel<\/em><br \/>\n<a href=\"https:\/\/firetraite.ch\/amicale_info\/2015\/118 Protection email.pdf\" target=\"_blank\">Comment prot\u00e9ger l&rsquo;acc\u00e8s \u00e0 vos services informatiques<\/a> &#8211; <em>Claude Maury<\/em><br \/>\n<a href=\"https:\/\/firetraite.ch\/amicale_info\/2015\/118 Sortie en Gruy\u00e8re.pdf\" target=\"_blank\">Sortie en Gruy\u00e8re<\/a> &#8211; <em>Claude Chappuis<\/em><br \/>\n<a href=\"https:\/\/firetraite.ch\/amicale_info\/2015\/118 Intelligence.pdf\" target=\"_blank\">Intelligence<\/a> &#8211; <em>Renzo Cardini<\/em><br \/>\n<a href=\"https:\/\/firetraite.ch\/amicale_info\/2015\/118 Naissance.pdf\" target=\"_blank\">Naissance de la vie<\/a> &#8211; <em>Renzo Cardini<\/em><br \/>\n<a href=\"https:\/\/firetraite.ch\/amicale_info\/2015\/118 Repas 10 mars.pdf\" target=\"_blank\">Repas du 10 mars<\/a> &#8211; <em>Monica Heeney<br \/>\n<\/em><a href=\"https:\/\/firetraite.ch\/amicale_info\/2015\/118 repas 2 juin.pdf\" target=\"_blank\">Repas du 2 juin<\/a> &#8211; <em>Ren\u00e9e Guntz-Dubini<br \/>\n<a href=\"https:\/\/firetraite.ch\/amicale_info\/2015\/118 Nouvelles des membres.pdf\" target=\"_blank\">Nouvelles des membres<\/a> &#8211; <em>Serge Barbey<\/em><em><\/em><br \/>\n<\/em><\/p>\n<p><strong>Edition N\u00b0 117 mars 2015<\/strong><\/p>\n<p><a href=\"https:\/\/firetraite.ch\/amicale_info\/2015\/117 Boussole.pdf\" target=\"_blank\">A propos de l<em><\/em>a Boussole<\/a> &#8211; <em>Renzo Cardini<\/em><br \/>\n<a href=\"https:\/\/firetraite.ch\/amicale_info\/2015\/117 Recensement.pdf\" target=\"_blank\">Recensement en 1481<\/a> &#8211;<em> Jeanne Rey Millet<\/em><br \/>\n<a href=\"https:\/\/firetraite.ch\/amicale_info\/2015\/117 Les zouzouteries.pdf\" target=\"_blank\">Les Zouzouteries nous \u00e9crivent<\/a> &#8211; <em>Vincent Zumwald<\/em><br \/>\n<a href=\"https:\/\/firetraite.ch\/amicale_info\/2015\/117 Ren\u00e9 Morel.pdf\" target=\"_blank\">Ren\u00e9 Morel<\/a> &#8211; <em>Charles Golay<\/em><br \/>\n<a href=\"https:\/\/firetraite.ch\/amicale_info\/2015\/117 Printemps.pdf\" target=\"_blank\">R\u00e9veil printanier<\/a> &#8211; <em>Renzo Cardini<\/em><br \/>\n<a href=\"https:\/\/firetraite.ch\/amicale_info\/2015\/117 Repas.pdf\" target=\"_blank\">Repas de No\u00ebl<\/a> &#8211; <em>Monica Heeney<\/em><br \/>\n<a href=\"https:\/\/firetraite.ch\/amicale_info\/2015\/117 Nouvelles des membres.pdf\" target=\"_blank\">Nouvelles des membres<\/a> &#8211; <em>Serge Barbey<\/em><em><br \/>\n<\/em><\/p>\n","protected":false},"excerpt":{"rendered":"<p>Edition N\u00b0 120 D\u00e9cembre 2015 Air Zermatt &#8211; Renzo Cardini COP21 et COOP &#8211; Les zouzouteries de Vincent Zumwald La langue fran\u00e7aise &#8211; Les zouzouteries de Vincent Zumwald Sortie Open du 1er octobre &#8211; Claude Maury Velasquez &#8211; Renzo Cardini &hellip; <a href=\"https:\/\/firetraite.ch\/wordpress\/?page_id=1441\">Continuer la lecture <span class=\"meta-nav\">&rarr;<\/span><\/a><\/p>\n","protected":false},"author":1,"featured_media":0,"parent":97,"menu_order":0,"comment_status":"closed","ping_status":"closed","template":"showcase.php","meta":{"footnotes":""},"class_list":["post-1441","page","type-page","status-publish","hentry"],"_links":{"self":[{"href":"https:\/\/firetraite.ch\/wordpress\/index.php?rest_route=\/wp\/v2\/pages\/1441","targetHints":{"allow":["GET"]}}],"collection":[{"href":"https:\/\/firetraite.ch\/wordpress\/index.php?rest_route=\/wp\/v2\/pages"}],"about":[{"href":"https:\/\/firetraite.ch\/wordpress\/index.php?rest_route=\/wp\/v2\/types\/page"}],"author":[{"embeddable":true,"href":"https:\/\/firetraite.ch\/wordpress\/index.php?rest_route=\/wp\/v2\/users\/1"}],"replies":[{"embeddable":true,"href":"https:\/\/firetraite.ch\/wordpress\/index.php?rest_route=%2Fwp%2Fv2%2Fcomments&post=1441"}],"version-history":[{"count":0,"href":"https:\/\/firetraite.ch\/wordpress\/index.php?rest_route=\/wp\/v2\/pages\/1441\/revisions"}],"up":[{"embeddable":true,"href":"https:\/\/firetraite.ch\/wordpress\/index.php?rest_route=\/wp\/v2\/pages\/97"}],"wp:attachment":[{"href":"https:\/\/firetraite.ch\/wordpress\/index.php?rest_route=%2Fwp%2Fv2%2Fmedia&parent=1441"}],"curies":[{"name":"wp","href":"https:\/\/api.w.org\/{rel}","templated":true}]}}