{"id":2,"date":"2013-09-24T19:43:15","date_gmt":"2013-09-24T18:43:15","guid":{"rendered":"http:\/\/firetraite.ch\/wordpress\/?page_id=2"},"modified":"2026-03-11T18:10:14","modified_gmt":"2026-03-11T17:10:14","slug":"page-d-exemple","status":"publish","type":"page","link":"https:\/\/firetraite.ch\/wordpress\/","title":{"rendered":"Accueil"},"content":{"rendered":"<h1><span style=\"font-size: large;\">Pr\u00e9sentation du groupement<\/span><\/h1>\n<p style=\"text-align: justify;\"><span style=\"font-size: medium;\">Le groupement des retrait\u00e9s a \u00e9t\u00e9 fond\u00e9 en 1986 par Mlle Frey avec le soutien\u00a0 de M. Fred-Henry Firmenich . <\/span><br \/>\n<span style=\"font-size: medium;\">Notre groupement a pour but de maintenir un lien entre les collaborateurs et collaboratrices de Firmenich SA qui ont pris leur retraite:<\/span><\/p>\n<p style=\"text-align: justify;\"><span style=\"font-size: medium;\">Pour cela, nous organisons pour nos membres dans un restaurant de la ville\u00a0 un repas printanier et une traditionnelle choucroute.<br \/>\n<\/span><\/p>\n<p style=\"text-align: justify;\"><span style=\"font-size: medium;\">Deux fois par an nous faisons des excursions, dont une qui est ouverte aux conjoints et amis des retrait\u00e9(e)s.<\/span><\/p>\n<p style=\"text-align: justify;\"><span style=\"font-size: medium;\">Chaque trimestre nous publions un journal \u00a0L\u2019AMICAL<i>Info <\/i>.<\/span><\/p>\n<p style=\"text-align: justify;\"><span style=\"font-size: medium;\">Depuis\u00a0 fin 2013, nous poss\u00e9dons ce site WWW.FIRETRAITE.CH et un point de contact disponible sur la page <a href=\"https:\/\/firetraite.ch\/wordpress\/?page_id=39\" target=\"_blank\" rel=\"noopener noreferrer\">Nous contacter<\/a><br \/>\n<\/span><\/p>\n<p style=\"text-align: justify;\"><span style=\"font-size: medium;\">Pour faire partie du groupement, il faut, une fois arriv\u00e9 \u00e0 la retraite, s\u2019inscrire au moyen du formulaire re\u00e7u sur demande et payer une modeste cotisation annuelle.<\/span><\/p>\n<p style=\"text-align: justify;\"><span style=\"font-size: medium;\">Le groupement est une section de Swiss Leisure Lab (ancien Firloisirs)<\/span><\/p>\n<p><a href=\"https:\/\/firetraite.ch\/wordpress\/?page_id=3816\">Notre engagement avec la nLPD<\/a> (nouvelle Loi de la Protection des Donn\u00e9es)<\/p>\n<h2>Le comit\u00e9 en fonction:<\/h2>\n<p>Pr\u00e9sident : Loris Zaffalon<br \/>\nVice pr\u00e9sident : Alain Tagand<br \/>\nTr\u00e9sorier :Loris Zaffalon<br \/>\nSecr\u00e9tariat : Marl\u00e8ne Poyet<br \/>\nGestion de la base de donn\u00e9es collaborative : Claude Maury, Letizia Rocci<br \/>\nMessagerie info@firetraite.ch : Claude Maury, Letizia Rocci<br \/>\nRepas printanier : Patrice Deladoey, Serge Fracheboud<br \/>\nChoucroute annuelle : Patrice Deladoey, Serge Fracheboud<br \/>\nExcursions retrait\u00e9(e)s : Alain Tagand, Michel Ozaine<br \/>\nExcursions open :\u00a0\u00a0 Alain Tagand,Michel Ozaine<br \/>\nR\u00e9daction journal \u00ab\u00a0Amical info\u00a0\u00bb\u00a0 : Claude Maury, Letizia Rocci<br \/>\nWebmasters : Claude Maury, Patrice Deladoey<\/p>\n<p>Pr\u00e9sident d&rsquo;honneur : Charles Golay<\/p>\n<p><strong>Le comit\u00e9 en r\u00e9union<\/strong><\/p>\n\n\t\t<style type=\"text\/css\">\n\t\t\t#gallery-1 {\n\t\t\t\tmargin: auto;\n\t\t\t}\n\t\t\t#gallery-1 .gallery-item {\n\t\t\t\tfloat: left;\n\t\t\t\tmargin-top: 10px;\n\t\t\t\ttext-align: center;\n\t\t\t\twidth: 33%;\n\t\t\t}\n\t\t\t#gallery-1 img {\n\t\t\t\tborder: 2px solid #cfcfcf;\n\t\t\t}\n\t\t\t#gallery-1 .gallery-caption {\n\t\t\t\tmargin-left: 0;\n\t\t\t}\n\t\t\t\/* see gallery_shortcode() in wp-includes\/media.php *\/\n\t\t<\/style>\n\t\t<div id='gallery-1' class='gallery galleryid-2 gallery-columns-3 gallery-size-thumbnail'><dl class='gallery-item'>\n\t\t\t<dt class='gallery-icon landscape'>\n\t\t\t\t<a href='https:\/\/firetraite.ch\/wordpress\/wp-content\/uploads\/2013\/09\/DSC_0093.jpg'><img loading=\"lazy\" decoding=\"async\" width=\"150\" height=\"150\" src=\"https:\/\/firetraite.ch\/wordpress\/wp-content\/uploads\/2013\/09\/DSC_0093-150x150.jpg\" class=\"attachment-thumbnail size-thumbnail\" alt=\"\" \/><\/a>\n\t\t\t<\/dt><\/dl><dl class='gallery-item'>\n\t\t\t<dt class='gallery-icon landscape'>\n\t\t\t\t<a href='https:\/\/firetraite.ch\/wordpress\/wp-content\/uploads\/2013\/09\/DSC_0092.jpg'><img loading=\"lazy\" decoding=\"async\" width=\"150\" height=\"150\" src=\"https:\/\/firetraite.ch\/wordpress\/wp-content\/uploads\/2013\/09\/DSC_0092-150x150.jpg\" class=\"attachment-thumbnail size-thumbnail\" alt=\"\" \/><\/a>\n\t\t\t<\/dt><\/dl><dl class='gallery-item'>\n\t\t\t<dt class='gallery-icon landscape'>\n\t\t\t\t<a href='https:\/\/firetraite.ch\/wordpress\/wp-content\/uploads\/2013\/09\/DSC_0091.jpg'><img loading=\"lazy\" decoding=\"async\" width=\"150\" height=\"150\" src=\"https:\/\/firetraite.ch\/wordpress\/wp-content\/uploads\/2013\/09\/DSC_0091-150x150.jpg\" class=\"attachment-thumbnail size-thumbnail\" alt=\"\" \/><\/a>\n\t\t\t<\/dt><\/dl><br style=\"clear: both\" \/>\n\t\t<\/div>\n\n","protected":false},"excerpt":{"rendered":"<p>Pr\u00e9sentation du groupement Le groupement des retrait\u00e9s a \u00e9t\u00e9 fond\u00e9 en 1986 par Mlle Frey avec le soutien\u00a0 de M. Fred-Henry Firmenich . Notre groupement a pour but de maintenir un lien entre les collaborateurs et collaboratrices de Firmenich SA &hellip; <a href=\"https:\/\/firetraite.ch\/wordpress\/\">Continuer la lecture <span class=\"meta-nav\">&rarr;<\/span><\/a><\/p>\n","protected":false},"author":1,"featured_media":0,"parent":0,"menu_order":0,"comment_status":"closed","ping_status":"closed","template":"showcase.php","meta":{"footnotes":""},"class_list":["post-2","page","type-page","status-publish","hentry"],"_links":{"self":[{"href":"https:\/\/firetraite.ch\/wordpress\/index.php?rest_route=\/wp\/v2\/pages\/2","targetHints":{"allow":["GET"]}}],"collection":[{"href":"https:\/\/firetraite.ch\/wordpress\/index.php?rest_route=\/wp\/v2\/pages"}],"about":[{"href":"https:\/\/firetraite.ch\/wordpress\/index.php?rest_route=\/wp\/v2\/types\/page"}],"author":[{"embeddable":true,"href":"https:\/\/firetraite.ch\/wordpress\/index.php?rest_route=\/wp\/v2\/users\/1"}],"replies":[{"embeddable":true,"href":"https:\/\/firetraite.ch\/wordpress\/index.php?rest_route=%2Fwp%2Fv2%2Fcomments&post=2"}],"version-history":[{"count":26,"href":"https:\/\/firetraite.ch\/wordpress\/index.php?rest_route=\/wp\/v2\/pages\/2\/revisions"}],"predecessor-version":[{"id":4541,"href":"https:\/\/firetraite.ch\/wordpress\/index.php?rest_route=\/wp\/v2\/pages\/2\/revisions\/4541"}],"wp:attachment":[{"href":"https:\/\/firetraite.ch\/wordpress\/index.php?rest_route=%2Fwp%2Fv2%2Fmedia&parent=2"}],"curies":[{"name":"wp","href":"https:\/\/api.w.org\/{rel}","templated":true}]}}