{"id":2048,"date":"2017-09-23T15:25:39","date_gmt":"2017-09-23T14:25:39","guid":{"rendered":"http:\/\/firetraite.ch\/wordpress\/?page_id=2048"},"modified":"2023-09-14T22:27:18","modified_gmt":"2023-09-14T20:27:18","slug":"firloisirs-les-activites","status":"publish","type":"page","link":"https:\/\/firetraite.ch\/wordpress\/?page_id=2048","title":{"rendered":"Firloisirs &#8211; Les activit\u00e9s"},"content":{"rendered":"<p style=\"text-align: left;\"><strong><span style=\"font-size: x-large;\">Les activit\u00e9s FIRLOISIRS<br \/>\n<\/span><\/strong><br \/>\n<a href=\"https:\/\/firetraite.ch\/wordpress\/wp-content\/uploads\/2017\/09\/loisirs.jpg\"><img loading=\"lazy\" decoding=\"async\" class=\"aligncenter size-full wp-image-2052\" src=\"https:\/\/firetraite.ch\/wordpress\/wp-content\/uploads\/2017\/09\/loisirs.jpg\" alt=\"loisirs\" width=\"400\" height=\"159\" srcset=\"https:\/\/firetraite.ch\/wordpress\/wp-content\/uploads\/2017\/09\/loisirs.jpg 400w, https:\/\/firetraite.ch\/wordpress\/wp-content\/uploads\/2017\/09\/loisirs-300x119.jpg 300w\" sizes=\"auto, (max-width: 400px) 100vw, 400px\" \/><\/a><\/p>\n<p>Les activit\u00e9s de Firloisirs sont ouvertes aux retrait\u00e9-e-s de l&rsquo;entreprise.<\/p>\n<p style=\"text-align: left;\">Nous n&rsquo;intervenons pas dans les inscriptions aux activit\u00e9s de Firloisirs, le contact s&rsquo;\u00e9tablit directement avec l&rsquo;\u00e9quipe de Firloisirs par l&rsquo;interm\u00e9diaire de la page <a href=\"https:\/\/firetraite.ch\/wordpress\/?page_id=3897\" target=\"_blank\" rel=\"noopener noreferrer\">Contactez Firloisirs<\/a> s\u00e9curis\u00e9e par un mot de passe que vous pouvez obtenir en nous contactant sur notre adresse de messagerie.<br \/>\nCe mot de passe vous sera d\u00e9livr\u00e9 apr\u00e8s contr\u00f4le de votre identit\u00e9 dans notre base de donn\u00e9es membres cotisant<\/p>\n","protected":false},"excerpt":{"rendered":"<p>Les activit\u00e9s FIRLOISIRS Les activit\u00e9s de Firloisirs sont ouvertes aux retrait\u00e9-e-s de l&rsquo;entreprise. Nous n&rsquo;intervenons pas dans les inscriptions aux activit\u00e9s de Firloisirs, le contact s&rsquo;\u00e9tablit directement avec l&rsquo;\u00e9quipe de Firloisirs par l&rsquo;interm\u00e9diaire de la page Contactez Firloisirs s\u00e9curis\u00e9e par &hellip; <a href=\"https:\/\/firetraite.ch\/wordpress\/?page_id=2048\">Continuer la lecture <span class=\"meta-nav\">&rarr;<\/span><\/a><\/p>\n","protected":false},"author":1,"featured_media":0,"parent":13,"menu_order":0,"comment_status":"closed","ping_status":"closed","template":"showcase.php","meta":{"footnotes":""},"class_list":["post-2048","page","type-page","status-publish","hentry"],"_links":{"self":[{"href":"https:\/\/firetraite.ch\/wordpress\/index.php?rest_route=\/wp\/v2\/pages\/2048","targetHints":{"allow":["GET"]}}],"collection":[{"href":"https:\/\/firetraite.ch\/wordpress\/index.php?rest_route=\/wp\/v2\/pages"}],"about":[{"href":"https:\/\/firetraite.ch\/wordpress\/index.php?rest_route=\/wp\/v2\/types\/page"}],"author":[{"embeddable":true,"href":"https:\/\/firetraite.ch\/wordpress\/index.php?rest_route=\/wp\/v2\/users\/1"}],"replies":[{"embeddable":true,"href":"https:\/\/firetraite.ch\/wordpress\/index.php?rest_route=%2Fwp%2Fv2%2Fcomments&post=2048"}],"version-history":[{"count":7,"href":"https:\/\/firetraite.ch\/wordpress\/index.php?rest_route=\/wp\/v2\/pages\/2048\/revisions"}],"predecessor-version":[{"id":3913,"href":"https:\/\/firetraite.ch\/wordpress\/index.php?rest_route=\/wp\/v2\/pages\/2048\/revisions\/3913"}],"up":[{"embeddable":true,"href":"https:\/\/firetraite.ch\/wordpress\/index.php?rest_route=\/wp\/v2\/pages\/13"}],"wp:attachment":[{"href":"https:\/\/firetraite.ch\/wordpress\/index.php?rest_route=%2Fwp%2Fv2%2Fmedia&parent=2048"}],"curies":[{"name":"wp","href":"https:\/\/api.w.org\/{rel}","templated":true}]}}