{"id":2826,"date":"2020-04-15T09:32:21","date_gmt":"2020-04-15T07:32:21","guid":{"rendered":"https:\/\/firetraite.ch\/wordpress\/?page_id=2826"},"modified":"2020-04-15T09:35:08","modified_gmt":"2020-04-15T07:35:08","slug":"editions-2019","status":"publish","type":"page","link":"https:\/\/firetraite.ch\/wordpress\/?page_id=2826","title":{"rendered":"Editions 2019"},"content":{"rendered":"<p><strong>Edition N\u00b0 136 d\u00e9cembre 2019<br \/>\n<a href=\"https:\/\/firetraite.ch\/wordpress\/wp-content\/uploads\/2019\/11\/20191130-Carte-de-voeux-HNCB-2.jpg\"><img loading=\"lazy\" decoding=\"async\" class=\"alignleft size-medium wp-image-2724\" src=\"https:\/\/firetraite.ch\/wordpress\/wp-content\/uploads\/2019\/11\/20191130-Carte-de-voeux-HNCB-2-300x228.jpg\" alt=\"\" width=\"300\" height=\"228\" srcset=\"https:\/\/firetraite.ch\/wordpress\/wp-content\/uploads\/2019\/11\/20191130-Carte-de-voeux-HNCB-2-300x228.jpg 300w, https:\/\/firetraite.ch\/wordpress\/wp-content\/uploads\/2019\/11\/20191130-Carte-de-voeux-HNCB-2-768x584.jpg 768w, https:\/\/firetraite.ch\/wordpress\/wp-content\/uploads\/2019\/11\/20191130-Carte-de-voeux-HNCB-2-394x300.jpg 394w, https:\/\/firetraite.ch\/wordpress\/wp-content\/uploads\/2019\/11\/20191130-Carte-de-voeux-HNCB-2.jpg 820w\" sizes=\"auto, (max-width: 300px) 100vw, 300px\" \/><\/a><\/strong><br \/>\n<a href=\"https:\/\/firetraite.ch\/amicale_info\/2019\/136 Le billet du Pr\u00e9sident.pdf\" target=\"_blank\" rel=\"noopener noreferrer\">Le billet du Pr\u00e9sident<\/a> &#8211; <em>Charles Golay<\/em><br \/>\n<a href=\"https:\/\/firetraite.ch\/amicale_info\/2019\/136 Sortie 3 octobre.pdf\" target=\"_blank\" rel=\"noopener noreferrer\">La sortie du 3 octobre<\/a> &#8211; <em>Patrice Deladoey<\/em><br \/>\n<a href=\"https:\/\/firetraite.ch\/amicale_info\/2019\/136 Coutumes.pdf\" target=\"_blank\" rel=\"noopener noreferrer\">Biologie des coutumes<\/a> &#8211; <em>Renzo Cardini<\/em><br \/>\n<a href=\"https:\/\/firetraite.ch\/amicale_info\/2019\/136 Choucroute.pdf\" target=\"_blank\" rel=\"noopener noreferrer\">La traditionnelle choucroute<\/a> &#8211; <em>Ghislaine Geiser<br \/>\n<\/em><a href=\"https:\/\/firetraite.ch\/amicale_info\/2019\/136 Nouvelles membres.pdf\">Nouvelles des membres<\/a><em> &#8211; Serge Barbey et Alain Tagand<br \/>\n<\/em><em>Malheureusement, pour diverses raisons techniques, nous avons \u00e9t\u00e9 contraints de repousser la date de parution du magnifique article de notre ami Vincent Zumwald. Il para\u00eetra donc dans le N\u00b0 137 de janvier \u2013 f\u00e9vrier \u2013 mars. Nous esp\u00e9rons que vous ne nous en voudrez pas trop. Merci de votre compr\u00e9hension. <\/em><strong><br \/>\n<\/strong><\/p>\n<p><strong>Edition N\u00b0 135 septembre 2019<\/strong><br \/>\n<a href=\"https:\/\/firetraite.ch\/amicale_info\/2019\/135 Gruy\u00e8res.pdf\" target=\"_blank\" rel=\"noopener noreferrer\">Gruy\u00e8res<\/a> &#8211; <em>Renzo Cardini<\/em><br \/>\n<a href=\"https:\/\/firetraite.ch\/amicale_info\/2019\/135 Les Zouzouteries.pdf\" target=\"_blank\" rel=\"noopener noreferrer\">The English zouzouteries<\/a> (suite et fin) &#8211; <em>Vincent Zumwald<\/em><br \/>\n<a href=\"https:\/\/firetraite.ch\/amicale_info\/2019\/135 Repas Meyrin.pdf\" target=\"_blank\" rel=\"noopener noreferrer\">Repas du 24 septembre<\/a> &#8211; <em>Ghislaine Geiser<\/em><br \/>\n<a href=\"https:\/\/firetraite.ch\/amicale_info\/2019\/135 Nouvelles membres.pdf\" target=\"_blank\" rel=\"noopener noreferrer\">Nouvelles des membres<\/a> &#8211; <em>Serge Barbey et Alain Tagand<\/em><\/p>\n<p><strong>Edition N\u00b0 134 Juin 2019<br \/>\n<\/strong><a href=\"https:\/\/firetraite.ch\/amicale_info\/2019\/134 Rappelez-vous.pdf\" target=\"_blank\" rel=\"noopener noreferrer\">Rappelez-vous<\/a> &#8211; <em>Renzo Cardini<\/em><br \/>\n<a href=\"https:\/\/firetraite.ch\/amicale_info\/2019\/134 Repas du 12 mars.pdf\" target=\"_blank\" rel=\"noopener noreferrer\">Repas du 12 mars<\/a> &#8211; <em>Patrice Deladoey<\/em><br \/>\n<a href=\"https:\/\/firetraite.ch\/amicale_info\/2019\/134 Sortie du 16 mai 2019.pdf\" target=\"_blank\" rel=\"noopener noreferrer\">Sortie du 16 mai<\/a> &#8211; <em>Patrice Deladoey<\/em><br \/>\n<a href=\"https:\/\/firetraite.ch\/amicale_info\/2019\/134 Repas du 4 juin 2019.pdf\" target=\"_blank\" rel=\"noopener noreferrer\">Repas du 4 juin<\/a> &#8211; <em>Ghislaine Geiser<br \/>\n<\/em><a href=\"https:\/\/firetraite.ch\/amicale_info\/2019\/134 Nouvelles membres.pdf\" target=\"_blank\" rel=\"noopener noreferrer\">Nouvelles des membres<\/a><em> &#8211; Serge Barbey et Alain Tagand<br \/>\n<\/em><\/p>\n<p><strong>Edition N\u00b0 133 Mars 2019<\/strong><br \/>\n<a href=\"https:\/\/firetraite.ch\/amicale_info\/2019\/133 Noel 2018.pdf\" target=\"_blank\" rel=\"noopener noreferrer\">Le repas de No\u00ebl<\/a> &#8211; <em>Ghislaine Geiser<\/em><br \/>\n<a href=\"https:\/\/firetraite.ch\/amicale_info\/2019\/133 La sieste.pdf\" target=\"_blank\" rel=\"noopener noreferrer\">La sieste<\/a> (apr\u00e8s le bon repas de No\u00ebl !) &#8211; <em>Renzo Cardini<\/em><br \/>\n<a href=\"https:\/\/firetraite.ch\/amicale_info\/2019\/133 Les zouzouteries.pdf\" target=\"_blank\" rel=\"noopener noreferrer\">The English zouzouteries<\/a> (suite) &#8211; <em>Vincent Zumwald<br \/>\n<\/em><a href=\"https:\/\/firetraite.ch\/amicale_info\/2019\/133 Horlogerie Gen\u00e8ve.pdf\" target=\"_blank\" rel=\"noopener noreferrer\">L&rsquo;horlogerie et Gen\u00e8ve<\/a><em> &#8211; Renzo Cardini<br \/>\n<\/em><a href=\"https:\/\/firetraite.ch\/amicale_info\/2019\/133 Nouvelles membres.pdf\" target=\"_blank\" rel=\"noopener noreferrer\">Nouvelles des membres<\/a> &#8211; <em>Serge Barbey et Alain Tagand<\/em><\/p>\n","protected":false},"excerpt":{"rendered":"<p>Edition N\u00b0 136 d\u00e9cembre 2019 Le billet du Pr\u00e9sident &#8211; Charles Golay La sortie du 3 octobre &#8211; Patrice Deladoey Biologie des coutumes &#8211; Renzo Cardini La traditionnelle choucroute &#8211; Ghislaine Geiser Nouvelles des membres &#8211; Serge Barbey et Alain &hellip; <a href=\"https:\/\/firetraite.ch\/wordpress\/?page_id=2826\">Continuer la lecture <span class=\"meta-nav\">&rarr;<\/span><\/a><\/p>\n","protected":false},"author":1,"featured_media":0,"parent":97,"menu_order":0,"comment_status":"closed","ping_status":"closed","template":"showcase.php","meta":{"footnotes":""},"class_list":["post-2826","page","type-page","status-publish","hentry"],"_links":{"self":[{"href":"https:\/\/firetraite.ch\/wordpress\/index.php?rest_route=\/wp\/v2\/pages\/2826","targetHints":{"allow":["GET"]}}],"collection":[{"href":"https:\/\/firetraite.ch\/wordpress\/index.php?rest_route=\/wp\/v2\/pages"}],"about":[{"href":"https:\/\/firetraite.ch\/wordpress\/index.php?rest_route=\/wp\/v2\/types\/page"}],"author":[{"embeddable":true,"href":"https:\/\/firetraite.ch\/wordpress\/index.php?rest_route=\/wp\/v2\/users\/1"}],"replies":[{"embeddable":true,"href":"https:\/\/firetraite.ch\/wordpress\/index.php?rest_route=%2Fwp%2Fv2%2Fcomments&post=2826"}],"version-history":[{"count":2,"href":"https:\/\/firetraite.ch\/wordpress\/index.php?rest_route=\/wp\/v2\/pages\/2826\/revisions"}],"predecessor-version":[{"id":2828,"href":"https:\/\/firetraite.ch\/wordpress\/index.php?rest_route=\/wp\/v2\/pages\/2826\/revisions\/2828"}],"up":[{"embeddable":true,"href":"https:\/\/firetraite.ch\/wordpress\/index.php?rest_route=\/wp\/v2\/pages\/97"}],"wp:attachment":[{"href":"https:\/\/firetraite.ch\/wordpress\/index.php?rest_route=%2Fwp%2Fv2%2Fmedia&parent=2826"}],"curies":[{"name":"wp","href":"https:\/\/api.w.org\/{rel}","templated":true}]}}