{"id":2833,"date":"2020-04-15T16:10:37","date_gmt":"2020-04-15T14:10:37","guid":{"rendered":"https:\/\/firetraite.ch\/wordpress\/?page_id=2833"},"modified":"2020-04-15T16:10:37","modified_gmt":"2020-04-15T14:10:37","slug":"le-printemps","status":"publish","type":"page","link":"https:\/\/firetraite.ch\/wordpress\/?page_id=2833","title":{"rendered":"Le printemps"},"content":{"rendered":"<p style=\"text-align: center;\"><span style=\"font-size: 14pt;\"><strong>Le printemps de Vivaldi<\/strong><\/span><\/p>\n<p><img loading=\"lazy\" decoding=\"async\" class=\"aligncenter wp-image-1437\" src=\"https:\/\/horizons-nouveaux-cb.ch\/wp-content\/uploads\/2020\/04\/Le-printemps.jpg\" alt=\"\" width=\"424\" height=\"407\" \/><\/p>\n<p>Pour agr\u00e9menter cette p\u00e9riode difficile\u00a0 de confinement et f\u00eater P\u00e2ques, Monsieur Michel Tirabosco, un voisin musicien et proche de Ch\u00eane-Bougeries vous offre un extrait musical \u00e0 la fl\u00fbte de Pan\u00a0 : <a href=\"http:\/\/horizons-nouveaux-cb.ch\/2020 Data\/Michel Tirabosco.MP4\" target=\"_blank\" rel=\"noopener noreferrer\">Le printemps<\/a>, tir\u00e9 des Quatre saisons de Vivaldi.<\/p>\n<p>Un grand merci \u00e0 lui, pour ce merveilleux moment en sa compagnie<\/p>\n","protected":false},"excerpt":{"rendered":"<p>Le printemps de Vivaldi Pour agr\u00e9menter cette p\u00e9riode difficile\u00a0 de confinement et f\u00eater P\u00e2ques, Monsieur Michel Tirabosco, un voisin musicien et proche de Ch\u00eane-Bougeries vous offre un extrait musical \u00e0 la fl\u00fbte de Pan\u00a0 : Le printemps, tir\u00e9 des Quatre &hellip; <a href=\"https:\/\/firetraite.ch\/wordpress\/?page_id=2833\">Continuer la lecture <span class=\"meta-nav\">&rarr;<\/span><\/a><\/p>\n","protected":false},"author":1,"featured_media":0,"parent":515,"menu_order":0,"comment_status":"closed","ping_status":"closed","template":"showcase.php","meta":{"footnotes":""},"class_list":["post-2833","page","type-page","status-publish","hentry"],"_links":{"self":[{"href":"https:\/\/firetraite.ch\/wordpress\/index.php?rest_route=\/wp\/v2\/pages\/2833","targetHints":{"allow":["GET"]}}],"collection":[{"href":"https:\/\/firetraite.ch\/wordpress\/index.php?rest_route=\/wp\/v2\/pages"}],"about":[{"href":"https:\/\/firetraite.ch\/wordpress\/index.php?rest_route=\/wp\/v2\/types\/page"}],"author":[{"embeddable":true,"href":"https:\/\/firetraite.ch\/wordpress\/index.php?rest_route=\/wp\/v2\/users\/1"}],"replies":[{"embeddable":true,"href":"https:\/\/firetraite.ch\/wordpress\/index.php?rest_route=%2Fwp%2Fv2%2Fcomments&post=2833"}],"version-history":[{"count":1,"href":"https:\/\/firetraite.ch\/wordpress\/index.php?rest_route=\/wp\/v2\/pages\/2833\/revisions"}],"predecessor-version":[{"id":2834,"href":"https:\/\/firetraite.ch\/wordpress\/index.php?rest_route=\/wp\/v2\/pages\/2833\/revisions\/2834"}],"up":[{"embeddable":true,"href":"https:\/\/firetraite.ch\/wordpress\/index.php?rest_route=\/wp\/v2\/pages\/515"}],"wp:attachment":[{"href":"https:\/\/firetraite.ch\/wordpress\/index.php?rest_route=%2Fwp%2Fv2%2Fmedia&parent=2833"}],"curies":[{"name":"wp","href":"https:\/\/api.w.org\/{rel}","templated":true}]}}