{"id":344,"date":"2013-11-09T07:53:44","date_gmt":"2013-11-09T06:53:44","guid":{"rendered":"http:\/\/firetraite.ch\/wordpress\/?page_id=344"},"modified":"2013-11-09T16:03:18","modified_gmt":"2013-11-09T15:03:18","slug":"le-1er-pilier","status":"publish","type":"page","link":"https:\/\/firetraite.ch\/wordpress\/?page_id=344","title":{"rendered":"Le 1er pilier"},"content":{"rendered":"<h1><span style=\"font-size: large;\">LE 1er PILIER: LA PR\u00c9VOYANCE DE L&rsquo;ETAT<\/span><\/h1>\n<p style=\"text-align: justify;\"><a href=\"https:\/\/firetraite.ch\/wordpress\/wp-content\/uploads\/2013\/11\/Image-1er-pilier.jpg\"><img loading=\"lazy\" decoding=\"async\" class=\"size-full wp-image-346 alignleft\" alt=\"Image 1er pilier\" src=\"https:\/\/firetraite.ch\/wordpress\/wp-content\/uploads\/2013\/11\/Image-1er-pilier.jpg\" width=\"164\" height=\"227\" \/><\/a>Le 1&Prime; pilier repr\u00e9sente la Pr\u00e9voyance de l&rsquo;Etat. Il se compose principalement de l&rsquo;AVS (Assurance Vieillesse et Survivants) et de l&rsquo;AI (Assurance Invalidit\u00e9). Il a pour but de couvrir vos besoins vitaux ou ceux de vos survivants.<\/p>\n<p style=\"text-align: justify;\">Les prestations du 1&Prime; pilier sont vers\u00e9es:<\/p>\n<p style=\"text-align: justify;\">\u2022 lorsque vous atteignez l&rsquo;\u00e2ge r\u00e8glementaire de la retraite (65 ans pour les hommes et 64 ans pour les femmes);<\/p>\n<p style=\"text-align: justify;\">\u2022 en cas de d\u00e9c\u00e8s en laissant un conjoint ou des enfants;<\/p>\n<p style=\"text-align: justify;\">\u2022 si vous \u00eates reconnu(e) invalide (AI).<\/p>\n<p style=\"text-align: justify;\">A titre indicatif, les cotisations s&rsquo;\u00e9l\u00e8vent, respectivement pour l&#8217;employeur et l&#8217;employ\u00e9, \u00e0 5,15% (en 2013).<\/p>\n<p style=\"text-align: justify;\">Un employeur a l&rsquo;obligation de d\u00e9clarer tout nouveau travailleur en Suisse \u00e0 sa Caisse AVS. Celle-ci \u00e9tablit un certificat d&rsquo;assurance AVS-AI aussi appel\u00e9 carte AVS.<\/p>\n","protected":false},"excerpt":{"rendered":"<p>LE 1er PILIER: LA PR\u00c9VOYANCE DE L&rsquo;ETAT Le 1&Prime; pilier repr\u00e9sente la Pr\u00e9voyance de l&rsquo;Etat. Il se compose principalement de l&rsquo;AVS (Assurance Vieillesse et Survivants) et de l&rsquo;AI (Assurance Invalidit\u00e9). Il a pour but de couvrir vos besoins vitaux ou &hellip; <a href=\"https:\/\/firetraite.ch\/wordpress\/?page_id=344\">Continuer la lecture <span class=\"meta-nav\">&rarr;<\/span><\/a><\/p>\n","protected":false},"author":1,"featured_media":0,"parent":335,"menu_order":0,"comment_status":"closed","ping_status":"closed","template":"showcase.php","meta":{"footnotes":""},"class_list":["post-344","page","type-page","status-publish","hentry"],"_links":{"self":[{"href":"https:\/\/firetraite.ch\/wordpress\/index.php?rest_route=\/wp\/v2\/pages\/344","targetHints":{"allow":["GET"]}}],"collection":[{"href":"https:\/\/firetraite.ch\/wordpress\/index.php?rest_route=\/wp\/v2\/pages"}],"about":[{"href":"https:\/\/firetraite.ch\/wordpress\/index.php?rest_route=\/wp\/v2\/types\/page"}],"author":[{"embeddable":true,"href":"https:\/\/firetraite.ch\/wordpress\/index.php?rest_route=\/wp\/v2\/users\/1"}],"replies":[{"embeddable":true,"href":"https:\/\/firetraite.ch\/wordpress\/index.php?rest_route=%2Fwp%2Fv2%2Fcomments&post=344"}],"version-history":[{"count":0,"href":"https:\/\/firetraite.ch\/wordpress\/index.php?rest_route=\/wp\/v2\/pages\/344\/revisions"}],"up":[{"embeddable":true,"href":"https:\/\/firetraite.ch\/wordpress\/index.php?rest_route=\/wp\/v2\/pages\/335"}],"wp:attachment":[{"href":"https:\/\/firetraite.ch\/wordpress\/index.php?rest_route=%2Fwp%2Fv2%2Fmedia&parent=344"}],"curies":[{"name":"wp","href":"https:\/\/api.w.org\/{rel}","templated":true}]}}