{"id":3569,"date":"2022-10-26T17:14:01","date_gmt":"2022-10-26T15:14:01","guid":{"rendered":"https:\/\/firetraite.ch\/wordpress\/?page_id=3569"},"modified":"2022-11-18T12:34:46","modified_gmt":"2022-11-18T11:34:46","slug":"chalet-planachaux","status":"publish","type":"page","link":"https:\/\/firetraite.ch\/wordpress\/?page_id=3569","title":{"rendered":"Chalet Planachaux"},"content":{"rendered":"<p><span style=\"font-size: 14pt;\"><strong>R\u00e9servation du chalet Planachaux<br \/>\n<a href=\"https:\/\/firetraite.ch\/wordpress\/wp-content\/uploads\/2022\/11\/Chalet-Firmenich-scaled.jpg\"><img loading=\"lazy\" decoding=\"async\" class=\"aligncenter size-large wp-image-3601\" src=\"https:\/\/firetraite.ch\/wordpress\/wp-content\/uploads\/2022\/11\/Chalet-Firmenich-1024x422.jpg\" alt=\"\" width=\"584\" height=\"241\" srcset=\"https:\/\/firetraite.ch\/wordpress\/wp-content\/uploads\/2022\/11\/Chalet-Firmenich-1024x422.jpg 1024w, https:\/\/firetraite.ch\/wordpress\/wp-content\/uploads\/2022\/11\/Chalet-Firmenich-300x124.jpg 300w, https:\/\/firetraite.ch\/wordpress\/wp-content\/uploads\/2022\/11\/Chalet-Firmenich-768x317.jpg 768w, https:\/\/firetraite.ch\/wordpress\/wp-content\/uploads\/2022\/11\/Chalet-Firmenich-1536x633.jpg 1536w, https:\/\/firetraite.ch\/wordpress\/wp-content\/uploads\/2022\/11\/Chalet-Firmenich-2048x844.jpg 2048w, https:\/\/firetraite.ch\/wordpress\/wp-content\/uploads\/2022\/11\/Chalet-Firmenich-500x206.jpg 500w\" sizes=\"auto, (max-width: 584px) 100vw, 584px\" \/><\/a><br \/>\n<\/strong><\/span><span class=\"LrzXr\">Le chalet est situ\u00e9 sur la <a href=\"https:\/\/firetraite.ch\/appart\/Acc\u00e8s chalet Firmenich.jpg\" target=\"_blank\" rel=\"noopener noreferrer\">route de Planachaux 138, 1874 Champ\u00e9ry<\/a>,\u00a0 \u00e0 1&rsquo;800m d&rsquo;altitude. En \u00e9t\u00e9, le chalet est accessible depuis Champ\u00e9ry par une route \u00e9troite d&rsquo;environ 10 km. En hiver, le t\u00e9l\u00e9ph\u00e9rique Champ\u00e9ry-Croix du Culet assure une liaison proche du chalet.<br \/>\n<\/span><\/p>\n<p>En plus des locaux communs, le chalet se compose de 6 chambres doubles, 2 chambres triples et un dortoir de 8 lits.<\/p>\n<p>L&rsquo;acc\u00e8s aux r\u00e9servations est limit\u00e9 au cercle familial des retrait\u00e9(e)s, comprenant les enfants et\/ou petits-enfants. Il n&rsquo;est pas possible de solliciter des r\u00e9servations pour des personnes externes au groupement des retrait\u00e9s.<\/p>\n<p>En cas de forte occupation, notamment durant les p\u00e9riodes f\u00e9ri\u00e9es, les demandes des employ\u00e9s actifs seront prioritaires sur celles des retrait\u00e9s.<\/p>\n<p>Important : Afin de se conformer \u00e0 la l\u00e9gislation f\u00e9d\u00e9rale en vigueur en mati\u00e8re de gestion de d\u00e9chets, le Valais a introduit\u00a0 le 1er janvier 2018 le sac tax\u00e9 officiel blanc et rouge qui est le seul autoris\u00e9 pour les ordures m\u00e9nag\u00e8res.<br \/>\nLe co\u00fbt de location du Chalet ne nous permet pas d&rsquo;inclure le co\u00fbt de ces sacs. Toutefois afin de vous faciliter l&rsquo;organisation, la Commission du Chalet offre la possibilit\u00e9 de les acheter lors de votre r\u00e9servation et r\u00e9cup\u00e9rer lesdits sacs lors de la prise de la cl\u00e9.<br \/>\nVoir le <a href=\"https:\/\/firetraite.ch\/appart\/Sacs poubelle.pdf\" target=\"_blank\" rel=\"noopener noreferrer\">Tableau des valeurs indicatives<\/a> pour la quantit\u00e9 n\u00e9cessaire de sacs en fonction du nombre de nuit\u00e9es et\/ou personnes. Le prix fix\u00e9 est de 3.-CHF\/sac. Le montant correspondant aux sacs poubelles sera additionn\u00e9 \u00e0 la facture finale.<br \/>\n\n<div class=\"wpcf7 no-js\" id=\"wpcf7-f3572-o1\" lang=\"fr-FR\" dir=\"ltr\" data-wpcf7-id=\"3572\">\n<div class=\"screen-reader-response\"><p role=\"status\" aria-live=\"polite\" aria-atomic=\"true\"><\/p> <ul><\/ul><\/div>\n<form action=\"\/wordpress\/index.php?rest_route=%2Fwp%2Fv2%2Fpages%2F3569#wpcf7-f3572-o1\" method=\"post\" class=\"wpcf7-form init\" aria-label=\"Formulaire de contact\" novalidate=\"novalidate\" data-status=\"init\">\n<div style=\"display: none;\">\n<input type=\"hidden\" name=\"_wpcf7\" value=\"3572\" \/>\n<input type=\"hidden\" name=\"_wpcf7_version\" value=\"6.0.5\" \/>\n<input type=\"hidden\" name=\"_wpcf7_locale\" value=\"fr_FR\" \/>\n<input type=\"hidden\" name=\"_wpcf7_unit_tag\" value=\"wpcf7-f3572-o1\" \/>\n<input type=\"hidden\" name=\"_wpcf7_container_post\" value=\"0\" \/>\n<input type=\"hidden\" name=\"_wpcf7_posted_data_hash\" value=\"\" \/>\n<\/div>\n<p>FORMULAIRE DE RESERVATION DU CHALET PLANACHAUX\n<\/p>\n<p>Sujet (obligatoire) <span class=\"wpcf7-form-control-wrap\" data-name=\"your-subject\"><input size=\"40\" maxlength=\"400\" class=\"wpcf7-form-control wpcf7-text wpcf7-validates-as-required\" aria-required=\"true\" aria-invalid=\"false\" value=\"Demande r\u00e9servation chalet Planachaux\" type=\"text\" name=\"your-subject\" \/><\/span>\n<\/p>\n<p> Cette demande de r\u00e9servation sera valid\u00e9e par la Commission du Chalet en fonction de la disponibilit\u00e9, composition des familles\/groupes, etc.\n<\/p>\n<p><span class=\"wpcf7-form-control-wrap\" data-name=\"Madame\"><span class=\"wpcf7-form-control wpcf7-checkbox\"><span class=\"wpcf7-list-item first last\"><input type=\"checkbox\" name=\"Madame[]\" value=\"Madame\" \/><span class=\"wpcf7-list-item-label\">Madame<\/span><\/span><\/span><\/span><span class=\"wpcf7-form-control-wrap\" data-name=\"Monsieur\"><span class=\"wpcf7-form-control wpcf7-checkbox\"><span class=\"wpcf7-list-item first last\"><input type=\"checkbox\" name=\"Monsieur[]\" value=\"Monsieur\" \/><span class=\"wpcf7-list-item-label\">Monsieur<\/span><\/span><\/span><\/span>\n<\/p>\n<p>Votre nom (obligatoire) : <span class=\"wpcf7-form-control-wrap\" data-name=\"your-name\"><input size=\"30\" maxlength=\"400\" class=\"wpcf7-form-control wpcf7-text wpcf7-validates-as-required\" aria-required=\"true\" aria-invalid=\"false\" value=\"\" type=\"text\" name=\"your-name\" \/><\/span> Votre pr\u00e9nom : (obligatoire) <span class=\"wpcf7-form-control-wrap\" data-name=\"your-surname\"><input size=\"25\" maxlength=\"400\" class=\"wpcf7-form-control wpcf7-text wpcf7-validates-as-required\" aria-required=\"true\" aria-invalid=\"false\" value=\"\" type=\"text\" name=\"your-surname\" \/><\/span>\n<\/p>\n<p><span class=\"wpcf7-form-control-wrap\" data-name=\"checkbox-839\"><span class=\"wpcf7-form-control wpcf7-checkbox\"><span class=\"wpcf7-list-item first last\"><input type=\"checkbox\" name=\"checkbox-839[]\" value=\"Je suis retrait\u00e9(e) de Firmenich\" \/><span class=\"wpcf7-list-item-label\">Je suis retrait\u00e9(e) de Firmenich<\/span><\/span><\/span><\/span><span class=\"wpcf7-form-control-wrap\" data-name=\"Actif\"><span class=\"wpcf7-form-control wpcf7-checkbox\"><span class=\"wpcf7-list-item first last\"><input type=\"checkbox\" name=\"Actif[]\" value=\"Je suis employ\u00e9(e) Firmenich\" \/><span class=\"wpcf7-list-item-label\">Je suis employ\u00e9(e) Firmenich<\/span><\/span><\/span><\/span>\n<\/p>\n<p>Adresse (obligatoire) : <span class=\"wpcf7-form-control-wrap\" data-name=\"rue\"><input size=\"35\" maxlength=\"400\" class=\"wpcf7-form-control wpcf7-text\" aria-invalid=\"false\" value=\"\" type=\"text\" name=\"rue\" \/><\/span> - NP : <span class=\"wpcf7-form-control-wrap\" data-name=\"np\"><input size=\"8\" maxlength=\"400\" class=\"wpcf7-form-control wpcf7-text\" aria-invalid=\"false\" value=\"\" type=\"text\" name=\"np\" \/><\/span> - Lieu : <span class=\"wpcf7-form-control-wrap\" data-name=\"lieu\"><input size=\"25\" maxlength=\"400\" class=\"wpcf7-form-control wpcf7-text\" aria-invalid=\"false\" value=\"\" type=\"text\" name=\"lieu\" \/><\/span><br \/>\nVotre email (obligatoire) : <span class=\"wpcf7-form-control-wrap\" data-name=\"your-email\"><input size=\"45\" maxlength=\"400\" class=\"wpcf7-form-control wpcf7-email wpcf7-validates-as-required wpcf7-text wpcf7-validates-as-email\" aria-required=\"true\" aria-invalid=\"false\" value=\"\" type=\"email\" name=\"your-email\" \/><\/span> Votre t\u00e9l. : <span class=\"wpcf7-form-control-wrap\" data-name=\"TEL\"><input size=\"15\" maxlength=\"400\" class=\"wpcf7-form-control wpcf7-text\" aria-invalid=\"false\" value=\"\" type=\"text\" name=\"TEL\" \/><\/span>\n<\/p>\n<p>Date d'arriv\u00e9e (obligatoire) : <span class=\"wpcf7-form-control-wrap\" data-name=\"date-arrivee\"><input class=\"wpcf7-form-control wpcf7-date wpcf7-validates-as-required wpcf7-validates-as-date\" aria-required=\"true\" aria-invalid=\"false\" value=\"\" type=\"date\" name=\"date-arrivee\" \/><\/span> - Date de d\u00e9part (obligatoire) : <span class=\"wpcf7-form-control-wrap\" data-name=\"date-depart\"><input class=\"wpcf7-form-control wpcf7-date wpcf7-validates-as-required wpcf7-validates-as-date\" aria-required=\"true\" aria-invalid=\"false\" value=\"\" type=\"date\" name=\"date-depart\" \/><\/span>\n<\/p>\n<p> Prix des nuit\u00e9es\/personne : Adultes 15.-CHF (dortoir : 10.-CHF), enfants jusqu'\u00e0 12 ans 10.-CHF (chambre ou dortoir)\n<\/p>\n<p> Nombre de retrait\u00e9(e)s et\/ou d'adultes membres de la famille: <span class=\"wpcf7-form-control-wrap\" data-name=\"nbreretraite\"><input size=\"3\" maxlength=\"400\" class=\"wpcf7-form-control wpcf7-text\" aria-invalid=\"false\" value=\"\" type=\"text\" name=\"nbreretraite\" \/><\/span><br \/>\nNombre d'enfants et\/ou petits enfants : <span class=\"wpcf7-form-control-wrap\" data-name=\"nbrejubiors\"><input size=\"3\" maxlength=\"400\" class=\"wpcf7-form-control wpcf7-text\" aria-invalid=\"false\" value=\"\" type=\"text\" name=\"nbrejubiors\" \/><\/span>\n<\/p>\n<p>R\u00e9partition souhait\u00e9e.<br \/>\nChambre double :<span class=\"wpcf7-form-control-wrap\" data-name=\"Double\"><input size=\"3\" maxlength=\"400\" class=\"wpcf7-form-control wpcf7-text\" aria-invalid=\"false\" value=\"\" type=\"text\" name=\"Double\" \/><\/span>, Chambre triple : <span class=\"wpcf7-form-control-wrap\" data-name=\"Triple\"><input size=\"3\" maxlength=\"400\" class=\"wpcf7-form-control wpcf7-text\" aria-invalid=\"false\" value=\"\" type=\"text\" name=\"Triple\" \/><\/span>, Dortoir : <span class=\"wpcf7-form-control-wrap\" data-name=\"Dortoir\"><input size=\"3\" maxlength=\"400\" class=\"wpcf7-form-control wpcf7-text\" aria-invalid=\"false\" value=\"\" type=\"text\" name=\"Dortoir\" \/><\/span><br \/>\nL\u2019attribution sera faite par la Commission du Chalet en fonction de la disponibilit\u00e9, de la composition des familles\/groupes, etc.<br \/>\nEn cas de forte occupation, les demandes du personnel actifs seront prioritaires sur celles des retrait\u00e9(e)s.\n<\/p>\n<p> Commande de sacs poubelle : <span class=\"wpcf7-form-control-wrap\" data-name=\"sacs\"><input size=\"3\" maxlength=\"400\" class=\"wpcf7-form-control wpcf7-text\" aria-invalid=\"false\" value=\"\" type=\"text\" name=\"sacs\" \/><\/span>\n<\/p>\n<p>Votre message<br \/>\n<span class=\"wpcf7-form-control-wrap\" data-name=\"textarea-182\"><textarea cols=\"40\" rows=\"10\" maxlength=\"2000\" class=\"wpcf7-form-control wpcf7-textarea\" aria-invalid=\"false\" name=\"textarea-182\"><\/textarea><\/span>\n<\/p>\n<p>En tapant ces 4 caract\u00e8res ci-dessous (CAPTCHA), vous nous \u00e9viterez une avalanche potentielle de spams sur notre email\n<\/p>\n<p><input type=\"hidden\" name=\"_wpcf7_captcha_challenge_captcha-870\" value=\"2793472883\" \/><img loading=\"lazy\" decoding=\"async\" class=\"wpcf7-form-control wpcf7-captchac wpcf7-captcha-captcha-870\" width=\"72\" height=\"24\" alt=\"captcha\" src=\"https:\/\/firetraite.ch\/wordpress\/wp-content\/uploads\/wpcf7_captcha\/2793472883.png\" \/><br \/>\n<span class=\"wpcf7-form-control-wrap\" data-name=\"captcha-870\"><input size=\"40\" class=\"wpcf7-form-control wpcf7-captchar\" autocomplete=\"off\" aria-invalid=\"false\" value=\"\" type=\"text\" name=\"captcha-870\" \/><\/span>\n<\/p>\n<p><input class=\"wpcf7-form-control wpcf7-submit has-spinner\" type=\"submit\" value=\"Envoyer\" \/>\n<\/p><p style=\"display: none !important;\" class=\"akismet-fields-container\" data-prefix=\"_wpcf7_ak_\"><label>&#916;<textarea name=\"_wpcf7_ak_hp_textarea\" cols=\"45\" rows=\"8\" maxlength=\"100\"><\/textarea><\/label><input type=\"hidden\" id=\"ak_js_1\" name=\"_wpcf7_ak_js\" value=\"0\"\/><script>document.getElementById( \"ak_js_1\" ).setAttribute( \"value\", ( new Date() ).getTime() );<\/script><\/p><div class=\"wpcf7-response-output\" aria-hidden=\"true\"><\/div>\n<\/form>\n<\/div>\n<\/p>\n","protected":false},"excerpt":{"rendered":"<p>R\u00e9servation du chalet Planachaux Le chalet est situ\u00e9 sur la route de Planachaux 138, 1874 Champ\u00e9ry,\u00a0 \u00e0 1&rsquo;800m d&rsquo;altitude. En \u00e9t\u00e9, le chalet est accessible depuis Champ\u00e9ry par une route \u00e9troite d&rsquo;environ 10 km. En hiver, le t\u00e9l\u00e9ph\u00e9rique Champ\u00e9ry-Croix du &hellip; <a href=\"https:\/\/firetraite.ch\/wordpress\/?page_id=3569\">Continuer la lecture <span class=\"meta-nav\">&rarr;<\/span><\/a><\/p>\n","protected":false},"author":1,"featured_media":0,"parent":2365,"menu_order":0,"comment_status":"closed","ping_status":"closed","template":"showcase.php","meta":{"footnotes":""},"class_list":["post-3569","page","type-page","status-publish","hentry"],"_links":{"self":[{"href":"https:\/\/firetraite.ch\/wordpress\/index.php?rest_route=\/wp\/v2\/pages\/3569","targetHints":{"allow":["GET"]}}],"collection":[{"href":"https:\/\/firetraite.ch\/wordpress\/index.php?rest_route=\/wp\/v2\/pages"}],"about":[{"href":"https:\/\/firetraite.ch\/wordpress\/index.php?rest_route=\/wp\/v2\/types\/page"}],"author":[{"embeddable":true,"href":"https:\/\/firetraite.ch\/wordpress\/index.php?rest_route=\/wp\/v2\/users\/1"}],"replies":[{"embeddable":true,"href":"https:\/\/firetraite.ch\/wordpress\/index.php?rest_route=%2Fwp%2Fv2%2Fcomments&post=3569"}],"version-history":[{"count":22,"href":"https:\/\/firetraite.ch\/wordpress\/index.php?rest_route=\/wp\/v2\/pages\/3569\/revisions"}],"predecessor-version":[{"id":3602,"href":"https:\/\/firetraite.ch\/wordpress\/index.php?rest_route=\/wp\/v2\/pages\/3569\/revisions\/3602"}],"up":[{"embeddable":true,"href":"https:\/\/firetraite.ch\/wordpress\/index.php?rest_route=\/wp\/v2\/pages\/2365"}],"wp:attachment":[{"href":"https:\/\/firetraite.ch\/wordpress\/index.php?rest_route=%2Fwp%2Fv2%2Fmedia&parent=3569"}],"curies":[{"name":"wp","href":"https:\/\/api.w.org\/{rel}","templated":true}]}}