{"id":3783,"date":"2023-06-21T09:30:52","date_gmt":"2023-06-21T07:30:52","guid":{"rendered":"https:\/\/firetraite.ch\/wordpress\/?page_id=3783"},"modified":"2023-06-21T13:23:23","modified_gmt":"2023-06-21T11:23:23","slug":"video-combat-de-reines","status":"publish","type":"page","link":"https:\/\/firetraite.ch\/wordpress\/?page_id=3783","title":{"rendered":"Vid\u00e9o combat de reines"},"content":{"rendered":"<p><strong><span style=\"font-size: 14pt;\">Ar\u00e8nes de Pra Bardy, Apro (VS) &#8211; La Finale Nationale de la race d&rsquo;H\u00e9rens &#8211; mars 2023<br \/>\n<\/span><\/strong>Vid\u00e9o Claude Maury <em>(le temps de t\u00e9l\u00e9chargement d\u00e9pend de la vitesse de votre connexion internet)<\/em><\/p>\n<div style=\"width: 584px;\" class=\"wp-video\"><!--[if lt IE 9]><script>document.createElement('video');<\/script><![endif]-->\n<video class=\"wp-video-shortcode\" id=\"video-3783-1\" width=\"584\" height=\"329\" preload=\"metadata\" controls=\"controls\"><source type=\"video\/mp4\" src=\"https:\/\/firetraite.ch\/wordpress\/wp-content\/uploads\/2023\/06\/Aproz-mars-2023.mp4?_=1\" \/><a href=\"https:\/\/firetraite.ch\/wordpress\/wp-content\/uploads\/2023\/06\/Aproz-mars-2023.mp4\">https:\/\/firetraite.ch\/wordpress\/wp-content\/uploads\/2023\/06\/Aproz-mars-2023.mp4<\/a><\/video><\/div>\n","protected":false},"excerpt":{"rendered":"<p>Ar\u00e8nes de Pra Bardy, Apro (VS) &#8211; La Finale Nationale de la race d&rsquo;H\u00e9rens &#8211; mars 2023 Vid\u00e9o Claude Maury (le temps de t\u00e9l\u00e9chargement d\u00e9pend de la vitesse de votre connexion internet)<\/p>\n","protected":false},"author":1,"featured_media":0,"parent":97,"menu_order":0,"comment_status":"closed","ping_status":"closed","template":"showcase.php","meta":{"footnotes":""},"class_list":["post-3783","page","type-page","status-publish","hentry"],"_links":{"self":[{"href":"https:\/\/firetraite.ch\/wordpress\/index.php?rest_route=\/wp\/v2\/pages\/3783","targetHints":{"allow":["GET"]}}],"collection":[{"href":"https:\/\/firetraite.ch\/wordpress\/index.php?rest_route=\/wp\/v2\/pages"}],"about":[{"href":"https:\/\/firetraite.ch\/wordpress\/index.php?rest_route=\/wp\/v2\/types\/page"}],"author":[{"embeddable":true,"href":"https:\/\/firetraite.ch\/wordpress\/index.php?rest_route=\/wp\/v2\/users\/1"}],"replies":[{"embeddable":true,"href":"https:\/\/firetraite.ch\/wordpress\/index.php?rest_route=%2Fwp%2Fv2%2Fcomments&post=3783"}],"version-history":[{"count":6,"href":"https:\/\/firetraite.ch\/wordpress\/index.php?rest_route=\/wp\/v2\/pages\/3783\/revisions"}],"predecessor-version":[{"id":3792,"href":"https:\/\/firetraite.ch\/wordpress\/index.php?rest_route=\/wp\/v2\/pages\/3783\/revisions\/3792"}],"up":[{"embeddable":true,"href":"https:\/\/firetraite.ch\/wordpress\/index.php?rest_route=\/wp\/v2\/pages\/97"}],"wp:attachment":[{"href":"https:\/\/firetraite.ch\/wordpress\/index.php?rest_route=%2Fwp%2Fv2%2Fmedia&parent=3783"}],"curies":[{"name":"wp","href":"https:\/\/api.w.org\/{rel}","templated":true}]}}