{"id":4036,"date":"2024-03-12T10:43:11","date_gmt":"2024-03-12T09:43:11","guid":{"rendered":"https:\/\/firetraite.ch\/wordpress\/?page_id=4036"},"modified":"2024-03-12T10:51:02","modified_gmt":"2024-03-12T09:51:02","slug":"editions-2023","status":"publish","type":"page","link":"https:\/\/firetraite.ch\/wordpress\/?page_id=4036","title":{"rendered":"Editions 2023"},"content":{"rendered":"<p><strong>Edition N\u00b0152 d\u00e9cembre 2023<br \/>\n<\/strong><a href=\"https:\/\/firetraite.ch\/amicale_info\/2023\/152 Sortie du 5 oct 2023.pdf\" target=\"_blank\" rel=\"noopener noreferrer\">Excursion en Ajoie du 5 octobre<\/a> \u2013 <em>Michel Ozainne<\/em><br \/>\n<a href=\"https:\/\/firetraite.ch\/amicale_info\/2023\/152 Choucroute 16 nov.pdf\" target=\"_blank\" rel=\"noopener noreferrer\">Repas choucroute du 16 novembre <\/a>\u2013 <em>Ghislaine Geiser<\/em><br \/>\n<a href=\"https:\/\/firetraite.ch\/amicale_info\/2023\/152 Les Zouzouteries nostalgiques.pdf\" target=\"_blank\" rel=\"noopener noreferrer\">Les Zouzouteries nostalgiques<\/a> \u2013 <em>Vincent Zumwald<\/em><br \/>\n<a href=\"https:\/\/firetraite.ch\/amicale_info\/2023\/152 La passionnante histoire de la PCR.pdf\" target=\"_blank\" rel=\"noopener noreferrer\">La passionnante histoire de la PCR<\/a> \u2013 <em>Letizia Rocci<\/em><br \/>\n<a href=\"https:\/\/firetraite.ch\/amicale_info\/2023\/152 Les cathares.pdf\" target=\"_blank\" rel=\"noopener noreferrer\">Le Pays Cathare<\/a>\u00a0 \u2013 <em>Claude Maury<\/em><br \/>\n<a href=\"https:\/\/firetraite.ch\/amicale_info\/2023\/152 Le Billet du Pr\u00e9sident.pdf\" target=\"_blank\" rel=\"noopener noreferrer\">Le billet du Pr\u00e9sident <\/a>\u2013 <em>Charles Golay<\/em><br \/>\n<a href=\"https:\/\/firetraite.ch\/amicale_info\/2023\/152 Nouvelles groupement.pdf\" target=\"_blank\" rel=\"noopener noreferrer\">Nouvelles du Groupement<\/a> \u00a0\u2013 <em>Claude Maury et Alain Tagand<\/em><br \/>\n<em><a href=\"https:\/\/firetraite.ch\/amicale_info\/2023\/152 Amical Info.pdf\" target=\"_blank\" rel=\"noopener noreferrer\">Le bulletin N\u00b0 152<\/a> . Pour l&rsquo;impression &#8211; <a href=\"https:\/\/firetraite.ch\/wordpress\/?page_id=2810\" target=\"_blank\" rel=\"noopener noreferrer\">Comment imprimer<\/a> un article ou le journal au complet<\/em><\/p>\n<p><strong>Edition N\u00b0 151 septembre 2023<br \/>\n<\/strong><a href=\"https:\/\/firetraite.ch\/amicale_info\/2023\/151 10 ans firetraite.pdf\" target=\"_blank\" rel=\"noopener noreferrer\">10 ans du site internet Firetraite<\/a> \u2013 <em>Claude Maury<\/em><br \/>\n<a href=\"https:\/\/firetraite.ch\/amicale_info\/2023\/151 Au bord de l'histoire.pdf\" target=\"_blank\" rel=\"noopener noreferrer\">Au bord de l\u2019histoire<\/a> \u00a0\u2013 <em>Vincent Zumwald<\/em><br \/>\n<a href=\"https:\/\/firetraite.ch\/amicale_info\/2023\/151 Oenologie.pdf\" target=\"_blank\" rel=\"noopener noreferrer\">La min\u00e9ralit\u00e9 des vins<\/a> &#8211; <em>Christian Starkenmann<\/em><br \/>\n<a href=\"https:\/\/firetraite.ch\/amicale_info\/2023\/151 Dialogue avec ChatGPT.pdf\" target=\"_blank\" rel=\"noopener noreferrer\">Dialogue avec ChatGPT<\/a> &#8211; <em>Claude Maury<\/em><br \/>\n<a href=\"https:\/\/firetraite.ch\/amicale_info\/2023\/151 La nouvelle nLPD.pdf\" target=\"_blank\" rel=\"noopener noreferrer\">La nouvelle Loi sur la Protection des Donn\u00e9es<\/a> \u2013 <em>Claude Maury<\/em><br \/>\n<a href=\"https:\/\/firetraite.ch\/amicale_info\/2023\/151 Hommage Serge Barbey.pdf\" target=\"_blank\" rel=\"noopener noreferrer\">Hommage<\/a> \u2013 <em>Charles Golay<\/em><br \/>\n<a href=\"https:\/\/firetraite.ch\/amicale_info\/2023\/151 Nouvelles groupement.pdf\" target=\"_blank\" rel=\"noopener noreferrer\">Nouvelles du Groupement<\/a> \u00a0\u2013 <em>Claude Maury et Alain Tagand<\/em><br \/>\n<em><a href=\"https:\/\/firetraite.ch\/amicale_info\/2023\/151 Amical Info.pdf\" target=\"_blank\" rel=\"noopener noreferrer\">Le bulletin N\u00b0 151<\/a> . Pour l&rsquo;impression &#8211; <a href=\"https:\/\/firetraite.ch\/wordpress\/?page_id=2810\" target=\"_blank\" rel=\"noopener noreferrer\">Comment imprimer<\/a> un article ou le journal au complet<\/em><\/p>\n<p><strong>Edition N\u00b0 150 juin 2023<\/strong><br \/>\n<a href=\"https:\/\/firetraite.ch\/amicale_info\/2023\/150 Repas avril.pdf\" target=\"_blank\" rel=\"noopener noreferrer\">Le repas du 18 avril<\/a> \u2013 <em>Ghislaine Geiser<\/em><br \/>\n<a href=\"https:\/\/firetraite.ch\/amicale_info\/2023\/150 Fort des Rousses.pdf\" target=\"_blank\" rel=\"noopener noreferrer\">Excursion du 25 mai<\/a> \u00a0\u2013 <em>Patrice Deladoey<\/em><br \/>\n<a href=\"https:\/\/firetraite.ch\/amicale_info\/2023\/150 Le sacre.pdf\" target=\"_blank\" rel=\"noopener noreferrer\">Le sacre d\u2019une Reine<\/a> &#8211; <em>Claude Maury, lien vers <a href=\"https:\/\/firetraite.ch\/wordpress\/?page_id=3783\" target=\"_blank\" rel=\"noopener noreferrer\">la vid\u00e9o de l&rsquo;\u00e9v\u00e8nement<\/a><\/em><br \/>\n<a href=\"https:\/\/firetraite.ch\/amicale_info\/2023\/150 Lac Ourmia.pdf\" target=\"_blank\" rel=\"noopener noreferrer\">Le lac d\u2019Ourmia<\/a> \u2013 \u2020<em>Renzo Cardini<\/em><br \/>\n<a href=\"https:\/\/firetraite.ch\/amicale_info\/2023\/150 Equipe cyclisme.pdf\" target=\"_blank\" rel=\"noopener noreferrer\">Le nouveau maillot du team dsm.firmenich<\/a> \u2013 <em>Diverses sources sportives<\/em><br \/>\n<a href=\"https:\/\/firetraite.ch\/amicale_info\/2023\/150 Nouvelles groupement.pdf\" target=\"_blank\" rel=\"noopener noreferrer\">Nouvelles du Groupement<\/a> \u00a0\u2013 <em>Claude Maury et Alain Tagand<\/em><br \/>\n<em><a href=\"https:\/\/firetraite.ch\/amicale_info\/2023\/150 Journal Amical Info.pdf\" target=\"_blank\" rel=\"noopener noreferrer\">Le bulletin N\u00b0 150<\/a> . Pour l&rsquo;impression &#8211; <a href=\"https:\/\/firetraite.ch\/wordpress\/?page_id=2810\" target=\"_blank\" rel=\"noopener noreferrer\">Comment imprimer<\/a> un article ou le journal au complet<\/em><\/p>\n<p><strong>Edition N\u00b0 149 mars 2023<\/strong><br \/>\n<a href=\"https:\/\/firetraite.ch\/amicale_info\/2023\/149 100 ans.pdf\" target=\"_blank\" rel=\"noopener noreferrer\">Avoir cent ans<\/a> \u2013 <em>Les v\u0153ux de la r\u00e9daction<\/em><br \/>\n<a href=\"https:\/\/firetraite.ch\/amicale_info\/2023\/149 St Valentin.pdf\" target=\"_blank\" rel=\"noopener noreferrer\">La Saint Valentin<\/a> \u2013 <em>Letizia Rocci<\/em><br \/>\n<a href=\"https:\/\/firetraite.ch\/amicale_info\/2023\/149 Ferrari.pdf\" target=\"_blank\" rel=\"noopener noreferrer\">Les 7 lettres d\u2019un mythe<\/a> \u2013 <em>\u2020Renzo Cardini<\/em><br \/>\n<a href=\"https:\/\/firetraite.ch\/amicale_info\/2023\/149 Les Zouzouteries en goguette.pdf\" target=\"_blank\" rel=\"noopener noreferrer\">Les Zouzouteries en goguette<\/a> \u2013 <em>Vincent Zumwald<\/em><br \/>\n<a href=\"https:\/\/firetraite.ch\/amicale_info\/2023\/149 Davel.pdf\" target=\"_blank\" rel=\"noopener noreferrer\">Le Major Davel<\/a> &#8211; <em>Claude Maury<\/em><br \/>\n<a href=\"https:\/\/firetraite.ch\/amicale_info\/2023\/149 Hommage Pongratz.pdf\" target=\"_blank\" rel=\"noopener noreferrer\">Hommage<\/a> \u2013 <em>Charles Golay<\/em><br \/>\n<a href=\"https:\/\/firetraite.ch\/amicale_info\/2023\/149 Nouvelles membres.pdf\" target=\"_blank\" rel=\"noopener noreferrer\">Nouvelles des Membres<\/a> \u00a0\u2013 <em>Claude Maury et Alain Tagand<br \/>\n<\/em><em><a href=\"https:\/\/firetraite.ch\/amicale_info\/2023\/149 Edition Amical Info.pdf\" target=\"_blank\" rel=\"noopener noreferrer\">Le bulletin N\u00b0 149<\/a> . Pour l&rsquo;impression &#8211; <a href=\"https:\/\/firetraite.ch\/wordpress\/?page_id=2810\" target=\"_blank\" rel=\"noopener noreferrer\">Comment imprimer<\/a> un article ou le journal au complet<\/em><\/p>\n","protected":false},"excerpt":{"rendered":"<p>Edition N\u00b0152 d\u00e9cembre 2023 Excursion en Ajoie du 5 octobre \u2013 Michel Ozainne Repas choucroute du 16 novembre \u2013 Ghislaine Geiser Les Zouzouteries nostalgiques \u2013 Vincent Zumwald La passionnante histoire de la PCR \u2013 Letizia Rocci Le Pays Cathare\u00a0 \u2013 &hellip; <a href=\"https:\/\/firetraite.ch\/wordpress\/?page_id=4036\">Continuer la lecture <span class=\"meta-nav\">&rarr;<\/span><\/a><\/p>\n","protected":false},"author":1,"featured_media":0,"parent":97,"menu_order":0,"comment_status":"closed","ping_status":"closed","template":"showcase.php","meta":{"footnotes":""},"class_list":["post-4036","page","type-page","status-publish","hentry"],"_links":{"self":[{"href":"https:\/\/firetraite.ch\/wordpress\/index.php?rest_route=\/wp\/v2\/pages\/4036","targetHints":{"allow":["GET"]}}],"collection":[{"href":"https:\/\/firetraite.ch\/wordpress\/index.php?rest_route=\/wp\/v2\/pages"}],"about":[{"href":"https:\/\/firetraite.ch\/wordpress\/index.php?rest_route=\/wp\/v2\/types\/page"}],"author":[{"embeddable":true,"href":"https:\/\/firetraite.ch\/wordpress\/index.php?rest_route=\/wp\/v2\/users\/1"}],"replies":[{"embeddable":true,"href":"https:\/\/firetraite.ch\/wordpress\/index.php?rest_route=%2Fwp%2Fv2%2Fcomments&post=4036"}],"version-history":[{"count":2,"href":"https:\/\/firetraite.ch\/wordpress\/index.php?rest_route=\/wp\/v2\/pages\/4036\/revisions"}],"predecessor-version":[{"id":4043,"href":"https:\/\/firetraite.ch\/wordpress\/index.php?rest_route=\/wp\/v2\/pages\/4036\/revisions\/4043"}],"up":[{"embeddable":true,"href":"https:\/\/firetraite.ch\/wordpress\/index.php?rest_route=\/wp\/v2\/pages\/97"}],"wp:attachment":[{"href":"https:\/\/firetraite.ch\/wordpress\/index.php?rest_route=%2Fwp%2Fv2%2Fmedia&parent=4036"}],"curies":[{"name":"wp","href":"https:\/\/api.w.org\/{rel}","templated":true}]}}