{"id":438,"date":"2013-11-10T12:18:39","date_gmt":"2013-11-10T11:18:39","guid":{"rendered":"http:\/\/firetraite.ch\/wordpress\/?page_id=438"},"modified":"2015-08-05T16:39:49","modified_gmt":"2015-08-05T15:39:49","slug":"contactez-administration","status":"publish","type":"page","link":"https:\/\/firetraite.ch\/wordpress\/?page_id=438","title":{"rendered":"Contactez Administration"},"content":{"rendered":"<h1><span style=\"font-size: medium;\">Contactez l&rsquo;Administration de la Caisse de Pensions<\/span><\/h1>\n<p style=\"text-align: justify;\"><strong>Vous souhaitez :<\/strong><br \/>\n<a href=\"https:\/\/firetraite.ch\/wordpress\/wp-content\/uploads\/2013\/11\/assistance_sur_site.jpg\"><img loading=\"lazy\" decoding=\"async\" class=\" wp-image-439 alignleft\" alt=\"assistance_sur_site\" src=\"https:\/\/firetraite.ch\/wordpress\/wp-content\/uploads\/2013\/11\/assistance_sur_site.jpg\" width=\"135\" height=\"138\" srcset=\"https:\/\/firetraite.ch\/wordpress\/wp-content\/uploads\/2013\/11\/assistance_sur_site.jpg 403w, https:\/\/firetraite.ch\/wordpress\/wp-content\/uploads\/2013\/11\/assistance_sur_site-295x300.jpg 295w\" sizes=\"auto, (max-width: 135px) 100vw, 135px\" \/><\/a>&#8211; obtenir des informations sur vos prestations?<br \/>\n&#8211; modifier votre retraite?<br \/>\n&#8211; conna\u00eetre les possibilit\u00e9s de transfert de votre prestation de sortie? retirer votre avoir pour financer un bien immobilier?<br \/>\n&#8211; proc\u00e9der \u00e0 un rachat d&rsquo;ann\u00e9es d&rsquo;assurance?<br \/>\n&#8211; obtenir une attestation dans le cadre du divorce?<br \/>\n&#8211; vous renseigner sur la caisse en g\u00e9n\u00e9ral?<\/p>\n<p style=\"text-align: justify;\"><em>Veuillez remplir le formulaire ci-dessous<br \/>\n<\/em>\n<div class=\"wpcf7 no-js\" id=\"wpcf7-f1345-o1\" lang=\"fr-FR\" dir=\"ltr\" data-wpcf7-id=\"1345\">\n<div class=\"screen-reader-response\"><p role=\"status\" aria-live=\"polite\" aria-atomic=\"true\"><\/p> <ul><\/ul><\/div>\n<form action=\"\/wordpress\/index.php?rest_route=%2Fwp%2Fv2%2Fpages%2F438#wpcf7-f1345-o1\" method=\"post\" class=\"wpcf7-form init\" aria-label=\"Formulaire de contact\" novalidate=\"novalidate\" data-status=\"init\">\n<div style=\"display: none;\">\n<input type=\"hidden\" name=\"_wpcf7\" value=\"1345\" \/>\n<input type=\"hidden\" name=\"_wpcf7_version\" value=\"6.0.5\" \/>\n<input type=\"hidden\" name=\"_wpcf7_locale\" value=\"fr_FR\" \/>\n<input type=\"hidden\" name=\"_wpcf7_unit_tag\" value=\"wpcf7-f1345-o1\" \/>\n<input type=\"hidden\" name=\"_wpcf7_container_post\" value=\"0\" \/>\n<input type=\"hidden\" name=\"_wpcf7_posted_data_hash\" value=\"\" \/>\n<\/div>\n<p>Votre nom (obligatoire)\n<\/p>\n<p><span class=\"wpcf7-form-control-wrap\" data-name=\"your-name\"><input size=\"40\" maxlength=\"400\" class=\"wpcf7-form-control wpcf7-text wpcf7-validates-as-required\" aria-required=\"true\" aria-invalid=\"false\" value=\"\" type=\"text\" name=\"your-name\" \/><\/span>\n<\/p>\n<p>Votre email (obligatoire)\n<\/p>\n<p><span class=\"wpcf7-form-control-wrap\" data-name=\"your-email\"><input size=\"40\" maxlength=\"400\" class=\"wpcf7-form-control wpcf7-email wpcf7-validates-as-required wpcf7-text wpcf7-validates-as-email\" aria-required=\"true\" aria-invalid=\"false\" value=\"\" type=\"email\" name=\"your-email\" \/><\/span>\n<\/p>\n<p>Sujet (Obligatoire)\n<\/p>\n<p><span class=\"wpcf7-form-control-wrap\" data-name=\"your-subject\"><input size=\"40\" maxlength=\"400\" class=\"wpcf7-form-control wpcf7-text wpcf7-validates-as-required\" aria-required=\"true\" aria-invalid=\"false\" value=\"\" type=\"text\" name=\"your-subject\" \/><\/span>\n<\/p>\n<p>Votre message\n<\/p>\n<p><span class=\"wpcf7-form-control-wrap\" data-name=\"your-message\"><textarea cols=\"40\" rows=\"10\" maxlength=\"2000\" class=\"wpcf7-form-control wpcf7-textarea\" aria-invalid=\"false\" name=\"your-message\"><\/textarea><\/span>\n<\/p>\n<p>En tapant ces 4 caract\u00e8res ci-dessous (CAPTCHA), vous nous \u00e9viterez une avalanche potentielle de spams sur notre email\n<\/p>\n<p><input type=\"hidden\" name=\"_wpcf7_captcha_challenge_captcha-560\" value=\"1487741132\" \/><img loading=\"lazy\" decoding=\"async\" class=\"wpcf7-form-control wpcf7-captchac wpcf7-captcha-captcha-560\" width=\"72\" height=\"24\" alt=\"captcha\" src=\"https:\/\/firetraite.ch\/wordpress\/wp-content\/uploads\/wpcf7_captcha\/1487741132.png\" \/><br \/>\n<span class=\"wpcf7-form-control-wrap\" data-name=\"captcha-560\"><input size=\"40\" class=\"wpcf7-form-control wpcf7-captchar\" autocomplete=\"off\" aria-invalid=\"false\" value=\"\" type=\"text\" name=\"captcha-560\" \/><\/span>\n<\/p>\n<p><input class=\"wpcf7-form-control wpcf7-submit has-spinner\" type=\"submit\" value=\"Envoyer\" \/>\n<\/p><p style=\"display: none !important;\" class=\"akismet-fields-container\" data-prefix=\"_wpcf7_ak_\"><label>&#916;<textarea name=\"_wpcf7_ak_hp_textarea\" cols=\"45\" rows=\"8\" maxlength=\"100\"><\/textarea><\/label><input type=\"hidden\" id=\"ak_js_1\" name=\"_wpcf7_ak_js\" value=\"168\"\/><script>document.getElementById( \"ak_js_1\" ).setAttribute( \"value\", ( new Date() ).getTime() );<\/script><\/p><div class=\"wpcf7-response-output\" aria-hidden=\"true\"><\/div>\n<\/form>\n<\/div>\n<\/p>\n","protected":false},"excerpt":{"rendered":"<p>Contactez l&rsquo;Administration de la Caisse de Pensions Vous souhaitez : &#8211; obtenir des informations sur vos prestations? &#8211; modifier votre retraite? &#8211; conna\u00eetre les possibilit\u00e9s de transfert de votre prestation de sortie? retirer votre avoir pour financer un bien immobilier? &hellip; <a href=\"https:\/\/firetraite.ch\/wordpress\/?page_id=438\">Continuer la lecture <span class=\"meta-nav\">&rarr;<\/span><\/a><\/p>\n","protected":false},"author":1,"featured_media":0,"parent":431,"menu_order":0,"comment_status":"closed","ping_status":"closed","template":"showcase.php","meta":{"footnotes":""},"class_list":["post-438","page","type-page","status-publish","hentry"],"_links":{"self":[{"href":"https:\/\/firetraite.ch\/wordpress\/index.php?rest_route=\/wp\/v2\/pages\/438","targetHints":{"allow":["GET"]}}],"collection":[{"href":"https:\/\/firetraite.ch\/wordpress\/index.php?rest_route=\/wp\/v2\/pages"}],"about":[{"href":"https:\/\/firetraite.ch\/wordpress\/index.php?rest_route=\/wp\/v2\/types\/page"}],"author":[{"embeddable":true,"href":"https:\/\/firetraite.ch\/wordpress\/index.php?rest_route=\/wp\/v2\/users\/1"}],"replies":[{"embeddable":true,"href":"https:\/\/firetraite.ch\/wordpress\/index.php?rest_route=%2Fwp%2Fv2%2Fcomments&post=438"}],"version-history":[{"count":0,"href":"https:\/\/firetraite.ch\/wordpress\/index.php?rest_route=\/wp\/v2\/pages\/438\/revisions"}],"up":[{"embeddable":true,"href":"https:\/\/firetraite.ch\/wordpress\/index.php?rest_route=\/wp\/v2\/pages\/431"}],"wp:attachment":[{"href":"https:\/\/firetraite.ch\/wordpress\/index.php?rest_route=%2Fwp%2Fv2%2Fmedia&parent=438"}],"curies":[{"name":"wp","href":"https:\/\/api.w.org\/{rel}","templated":true}]}}