{"id":4512,"date":"2026-03-19T14:58:30","date_gmt":"2026-03-19T13:58:30","guid":{"rendered":"https:\/\/firetraite.ch\/wordpress\/?page_id=4512"},"modified":"2026-04-23T13:22:31","modified_gmt":"2026-04-23T11:22:31","slug":"excursion-a-lyon-2","status":"publish","type":"page","link":"https:\/\/firetraite.ch\/wordpress\/?page_id=4512","title":{"rendered":"Excursion \u00e0 Lyon"},"content":{"rendered":"<p style=\"text-align: center;\"><span style=\"font-size: 18pt;\"><strong>Excursion Open \u00e0 Lyon au cabaret cirque Imagine<br \/>\n<\/strong><strong>\u00a0 \u00a0Jeudi 18 juin 2026<\/strong><\/span><\/p>\n<p>Venez d\u00e9couvrir l\u2019univers \u00abImagine\u00bb, le cirque diner\/spectacle autrement<\/p>\n<p><img loading=\"lazy\" decoding=\"async\" class=\"alignleft size-medium wp-image-3208\" src=\"https:\/\/horizons-nouveaux-cb.ch\/wp-content\/uploads\/2025\/03\/Cirque-imagine-200x300.jpg\" alt=\"\" width=\"200\" height=\"300\" \/>Tout au long de l\u2019ann\u00e9e, le Cirque Imagine \u00e0 Lyon vous propose un repas- spectacle o\u00f9 les arts du cirque se m\u00ealent \u00e0 l\u2019ambiance cabaret.. Actuellement, d\u00e9couvrez \u00ab Acte VIII \u00bb, un tout nouveau spectacle riche en \u00e9motions o\u00f9 la troupe Imagine revient avec des nouveaux artistes et des num\u00e9ros in\u00e9dits d\u2019exception. Autour d\u2019un savoureux repas, embarquez pour un merveilleux voyage entre cabaret et cirque.<\/p>\n<p>18 artistes internationaux vous d\u00e9voileront leurs talents sous un chapiteau baroque. Un show d\u2019exception immersif \u00e0 360\u00b0, de cirque moderne aux teintes vintage, \u00e0 d\u00e9couvrir pendant plus de 3 heures, avec au programme : acrobaties, surprises, humour et f\u00e9\u00e9rie, le tout agr\u00e9ment\u00e9 d\u2019un savoureux repas servi au rythme des performances et des danses de cabaret<\/p>\n<p>&nbsp;<\/p>\n<p><span style=\"color: #000000;\"><strong>Participation \u00e0 l&rsquo;excursion<\/strong><\/span><br \/>\n<span style=\"color: #000000;\">Tous les couples, dont une personne au moins est retrait\u00e9e et membre cotisant de notre groupement, sont les bienvenus \u00e0 cette excursion et pourront y participer pour la somme de :<\/span><\/p>\n<p align=\"center\"><strong>75.&#8211; CHF ou 82.&#8211; EUR\/ par personne, paiement \u00e0 l&rsquo;inscription<\/strong><strong><br \/>\n<\/strong><a href=\"https:\/\/firetraite.ch\/data 2026\/QR facture pour activit\u00e9s.pdf\" target=\"_blank\" rel=\"noopener noreferrer\">T\u00e9l\u00e9charger l&rsquo;information des options pour effectuer le paiement<\/a><\/p>\n<p><span style=\"color: #000000;\">Une proche personne d&rsquo;un membre peut \u00eatre ajout\u00e9e comme accompagnant(e) avec le m\u00eame prix en suppl\u00e9ment.<\/span><\/p>\n<p><strong>Programme<\/strong><br \/>\n<span style=\"color: #000000;\"><strong>07h45<\/strong>\u00a0&#8211; D\u00e9part de la Plaine en minibus (22 places) pour le 1er groupe.<\/span><br \/>\n<span style=\"color: #000000;\"><strong>07h45<\/strong>\u00a0&#8211; D\u00e9part de la Place Neuve en autocar pour le 2\u00e8me groupe<\/span><br \/>\n<span style=\"color: #000000;\"><strong>08h15<\/strong> &#8211; Les 2 groupes se rejoignent \u00e0 la douane de Bardonnex, transfert dans le car puis d\u00e9part en direction de Lyon<\/span><br \/>\n<span style=\"color: #000000;\"><strong>09h30<\/strong> &#8211; Arr\u00eat caf\u00e9 croissant pr\u00e9vu au restaurant Panoramique du Cerdon<br \/>\n<strong>10h15<\/strong> &#8211; .D\u00e9part du restaurant en direction de Lyon,<\/span><br \/>\n<span style=\"color: #000000;\"><strong>11h30<\/strong> &#8211; Arriv\u00e9e \u00e0 Vaux-en-Velin au cirque Imagine, accueil, ap\u00e9ritif maison et musique live<\/span><br \/>\n<span style=\"color: #000000;\"><strong>12h00<\/strong> &#8211; D\u00e9jeuner spectacle agr\u00e9ment\u00e9 de chansons d\u2019un chanteur de cabaret et des tours de magie insolites<\/span><\/p>\n<p style=\"text-align: center;\"><span style=\"font-size: 14pt;\"><strong>*** Menu ***<\/strong><\/span><br \/>\nAp\u00e9ritif Kir et bouch\u00e9es<br \/>\n&#8212;&#8212;&#8212;&#8211;<br \/>\nTatin de tomates confites, ch\u00e8vre frais et financier aux olives et pesto<br \/>\n&#8212;&#8212;&#8212;&#8211;<br \/>\nPaleron de b\u0153uf confit, pur\u00e9e de pommes de terre et l\u00e9gumes de saison<br \/>\n&#8212;&#8212;&#8212;&#8212;<br \/>\nAllumette de Comt\u00e9 affin\u00e9<br \/>\n&#8212;&#8212;&#8212;&#8212;<br \/>\nCroustillant de biscuit chocolat, cr\u00e9meux vanille et mousse chocolat noir<br \/>\n&#8212;&#8212;&#8212;&#8211;<br \/>\nVin rouge \u00ab\u00a0Marius\u00a0\u00bb (1 bouteille pour 4 personnes)<br \/>\nTh\u00e9 ou caf\u00e9, Eau gazeuse ou plate<br \/>\n<em>Digestifs \u00e9ventuels \u00e0 la charge de chacun !<\/em><\/p>\n<p><strong>16h00<\/strong> &#8211; Fin du spectacle dans une ambiance lounge et rencontre avec les artistes.<br \/>\n<strong>16h30<\/strong> &#8211; Reprise du car pour le retour<br \/>\n<strong>18h30 &#8211; <\/strong>Arriv\u00e9e pr\u00e9vue \u00e0 la Douane de Bardonnex.<br \/>\nD\u00e9part de la Douane vers La Plaine en minibus.<br \/>\nContinuation en autocar pour les personnes allant \u00e0 la Place Neuve, arriv\u00e9e pr\u00e9vue \u00e0 19h00.<\/p>\n<p><strong>Date limite d\u2019inscription :<\/strong><strong> Vendredi 15 mai 2026, inscription limit\u00e9e \u00e0 59 personnes<br \/>\nFORMULAIRE INSCRIPTION<br \/>\n<\/strong>\n<div class=\"wpcf7 no-js\" id=\"wpcf7-f4558-o1\" lang=\"fr-FR\" dir=\"ltr\" data-wpcf7-id=\"4558\">\n<div class=\"screen-reader-response\"><p role=\"status\" aria-live=\"polite\" aria-atomic=\"true\"><\/p> <ul><\/ul><\/div>\n<form action=\"\/wordpress\/index.php?rest_route=%2Fwp%2Fv2%2Fpages%2F4512#wpcf7-f4558-o1\" method=\"post\" class=\"wpcf7-form init\" aria-label=\"Formulaire de contact\" novalidate=\"novalidate\" data-status=\"init\">\n<div style=\"display: none;\">\n<input type=\"hidden\" name=\"_wpcf7\" value=\"4558\" \/>\n<input type=\"hidden\" name=\"_wpcf7_version\" value=\"6.0.5\" \/>\n<input type=\"hidden\" name=\"_wpcf7_locale\" value=\"fr_FR\" \/>\n<input type=\"hidden\" name=\"_wpcf7_unit_tag\" value=\"wpcf7-f4558-o1\" \/>\n<input type=\"hidden\" name=\"_wpcf7_container_post\" value=\"0\" \/>\n<input type=\"hidden\" name=\"_wpcf7_posted_data_hash\" value=\"\" \/>\n<\/div>\n<p>INSCRIPTION A L'EXCURSION DU 18 juin 2026\n<\/p>\n<p><span class=\"wpcf7-form-control-wrap\" data-name=\"Politesse\"><span class=\"wpcf7-form-control wpcf7-checkbox wpcf7-validates-as-required wpcf7-exclusive-checkbox\"><span class=\"wpcf7-list-item first\"><span class=\"wpcf7-list-item-label\">Madame<\/span><input type=\"checkbox\" name=\"Politesse\" value=\"Madame\" \/><\/span><span class=\"wpcf7-list-item last\"><span class=\"wpcf7-list-item-label\">Monsieur<\/span><input type=\"checkbox\" name=\"Politesse\" value=\"Monsieur\" \/><\/span><\/span><\/span>\n<\/p>\n<p>Votre nom (obligatoire) <span class=\"wpcf7-form-control-wrap\" data-name=\"your-name\"><input size=\"25\" maxlength=\"400\" class=\"wpcf7-form-control wpcf7-text wpcf7-validates-as-required\" aria-required=\"true\" aria-invalid=\"false\" value=\"\" type=\"text\" name=\"your-name\" \/><\/span> Pr\u00e9nom (obligatoire) <span class=\"wpcf7-form-control-wrap\" data-name=\"your-firstname\"><input size=\"25\" maxlength=\"400\" class=\"wpcf7-form-control wpcf7-text wpcf7-validates-as-required\" aria-required=\"true\" aria-invalid=\"false\" value=\"\" type=\"text\" name=\"your-firstname\" \/><\/span>\n<\/p>\n<p>Votre email (obligatoire) <span class=\"wpcf7-form-control-wrap\" data-name=\"your-email\"><input size=\"40\" maxlength=\"400\" class=\"wpcf7-form-control wpcf7-email wpcf7-validates-as-required wpcf7-text wpcf7-validates-as-email\" aria-required=\"true\" aria-invalid=\"false\" value=\"\" type=\"email\" name=\"your-email\" \/><\/span>\n<\/p>\n<p>En cas de probl\u00e8me durant l'excursion, N\u00b0 mobile avec indicateur international <span class=\"wpcf7-form-control-wrap\" data-name=\"Mobile\"><input size=\"20\" maxlength=\"400\" class=\"wpcf7-form-control wpcf7-text\" aria-invalid=\"false\" value=\"\" type=\"text\" name=\"Mobile\" \/><\/span>\n<\/p>\n<p><span class=\"wpcf7-form-control-wrap\" data-name=\"checkbox-621\"><span class=\"wpcf7-form-control wpcf7-checkbox wpcf7-validates-as-required\"><span class=\"wpcf7-list-item first last\"><input type=\"checkbox\" name=\"checkbox-621[]\" value=\"Je m&#039;inscris \u00e0 l&#039;excursion et je choisis le point de d\u00e9part :\" \/><span class=\"wpcf7-list-item-label\">Je m&#039;inscris \u00e0 l&#039;excursion et je choisis le point de d\u00e9part :<\/span><\/span><\/span><\/span>\n<\/p>\n<p><span class=\"wpcf7-form-control-wrap\" data-name=\"checkbox-221\"><span class=\"wpcf7-form-control wpcf7-checkbox wpcf7-validates-as-required wpcf7-exclusive-checkbox\"><span class=\"wpcf7-list-item first\"><input type=\"checkbox\" name=\"checkbox-221\" value=\"La Plaine (ancienne r\u00e9ception)\" \/><span class=\"wpcf7-list-item-label\">La Plaine (ancienne r\u00e9ception)<\/span><\/span><span class=\"wpcf7-list-item last\"><input type=\"checkbox\" name=\"checkbox-221\" value=\"La Place de Neuve (devant le Grand Th\u00e9\u00e2tre)\" \/><span class=\"wpcf7-list-item-label\">La Place de Neuve (devant le Grand Th\u00e9\u00e2tre)<\/span><\/span><\/span><\/span>\n<\/p>\n<p><span class=\"wpcf7-form-control-wrap\" data-name=\"checkbox-134\"><span class=\"wpcf7-form-control wpcf7-checkbox\"><span class=\"wpcf7-list-item first last\"><input type=\"checkbox\" name=\"checkbox-134[]\" value=\"Je sera accompagn\u00e9, inscrire 2 personnes\" \/><span class=\"wpcf7-list-item-label\">Je sera accompagn\u00e9, inscrire 2 personnes<\/span><\/span><\/span><\/span>\n<\/p>\n<p>Pour tout renseignements compl\u00e9mentaires, utilisez l'espace ci-dessous :\n<\/p>\n<p>Votre message\n<\/p>\n<p><span class=\"wpcf7-form-control-wrap\" data-name=\"text-143\"><input size=\"40\" maxlength=\"90\" class=\"wpcf7-form-control wpcf7-text\" aria-invalid=\"false\" value=\"\" type=\"text\" name=\"text-143\" \/><\/span>\n<\/p>\n<p>En tapant ces 4 caract\u00e8res ci-dessous (CAPTCHA), vous nous \u00e9viterez une avalanche potentielle de spams sur notre email\n<\/p>\n<p><input type=\"hidden\" name=\"_wpcf7_captcha_challenge_captcha-870\" value=\"4156553831\" \/><img loading=\"lazy\" decoding=\"async\" class=\"wpcf7-form-control wpcf7-captchac wpcf7-captcha-captcha-870\" width=\"72\" height=\"24\" alt=\"captcha\" src=\"https:\/\/firetraite.ch\/wordpress\/wp-content\/uploads\/wpcf7_captcha\/4156553831.png\" \/><br \/>\n<span class=\"wpcf7-form-control-wrap\" data-name=\"captcha-870\"><input size=\"40\" class=\"wpcf7-form-control wpcf7-captchar\" autocomplete=\"off\" aria-invalid=\"false\" value=\"\" type=\"text\" name=\"captcha-870\" \/><\/span>\n<\/p>\n<p><input class=\"wpcf7-form-control wpcf7-submit has-spinner\" type=\"submit\" value=\"Envoyer\" \/>\n<\/p><p style=\"display: none !important;\" class=\"akismet-fields-container\" data-prefix=\"_wpcf7_ak_\"><label>&#916;<textarea name=\"_wpcf7_ak_hp_textarea\" cols=\"45\" rows=\"8\" maxlength=\"100\"><\/textarea><\/label><input type=\"hidden\" id=\"ak_js_1\" name=\"_wpcf7_ak_js\" value=\"200\"\/><script>document.getElementById( \"ak_js_1\" ).setAttribute( \"value\", ( new Date() ).getTime() );<\/script><\/p><div class=\"wpcf7-response-output\" aria-hidden=\"true\"><\/div>\n<\/form>\n<\/div>\n<strong><br \/>\n<\/strong><\/p>\n","protected":false},"excerpt":{"rendered":"<p>Excursion Open \u00e0 Lyon au cabaret cirque Imagine \u00a0 \u00a0Jeudi 18 juin 2026 Venez d\u00e9couvrir l\u2019univers \u00abImagine\u00bb, le cirque diner\/spectacle autrement Tout au long de l\u2019ann\u00e9e, le Cirque Imagine \u00e0 Lyon vous propose un repas- spectacle o\u00f9 les arts du &hellip; <a href=\"https:\/\/firetraite.ch\/wordpress\/?page_id=4512\">Continuer la lecture <span class=\"meta-nav\">&rarr;<\/span><\/a><\/p>\n","protected":false},"author":1,"featured_media":0,"parent":13,"menu_order":0,"comment_status":"closed","ping_status":"closed","template":"showcase.php","meta":{"footnotes":""},"class_list":["post-4512","page","type-page","status-publish","hentry"],"_links":{"self":[{"href":"https:\/\/firetraite.ch\/wordpress\/index.php?rest_route=\/wp\/v2\/pages\/4512","targetHints":{"allow":["GET"]}}],"collection":[{"href":"https:\/\/firetraite.ch\/wordpress\/index.php?rest_route=\/wp\/v2\/pages"}],"about":[{"href":"https:\/\/firetraite.ch\/wordpress\/index.php?rest_route=\/wp\/v2\/types\/page"}],"author":[{"embeddable":true,"href":"https:\/\/firetraite.ch\/wordpress\/index.php?rest_route=\/wp\/v2\/users\/1"}],"replies":[{"embeddable":true,"href":"https:\/\/firetraite.ch\/wordpress\/index.php?rest_route=%2Fwp%2Fv2%2Fcomments&post=4512"}],"version-history":[{"count":30,"href":"https:\/\/firetraite.ch\/wordpress\/index.php?rest_route=\/wp\/v2\/pages\/4512\/revisions"}],"predecessor-version":[{"id":4604,"href":"https:\/\/firetraite.ch\/wordpress\/index.php?rest_route=\/wp\/v2\/pages\/4512\/revisions\/4604"}],"up":[{"embeddable":true,"href":"https:\/\/firetraite.ch\/wordpress\/index.php?rest_route=\/wp\/v2\/pages\/13"}],"wp:attachment":[{"href":"https:\/\/firetraite.ch\/wordpress\/index.php?rest_route=%2Fwp%2Fv2%2Fmedia&parent=4512"}],"curies":[{"name":"wp","href":"https:\/\/api.w.org\/{rel}","templated":true}]}}