{"id":4529,"date":"2026-03-03T15:08:00","date_gmt":"2026-03-03T14:08:00","guid":{"rendered":"https:\/\/firetraite.ch\/wordpress\/?page_id=4529"},"modified":"2026-03-30T22:33:24","modified_gmt":"2026-03-30T20:33:24","slug":"repas-du-11-mars-2014-2-3","status":"publish","type":"page","link":"https:\/\/firetraite.ch\/wordpress\/?page_id=4529","title":{"rendered":"Repas printanier 2026"},"content":{"rendered":"<p style=\"text-align: left;\"><span style=\"font-size: 18pt;\"><strong><span style=\"color: #333333;\">Rappel pour le repas printanier du 16 avril 2026<\/span><\/strong><\/span><\/p>\n<p><a href=\"https:\/\/firetraite.ch\/wordpress\/wp-content\/uploads\/2024\/03\/Repas-printemps.jpg\"><img loading=\"lazy\" decoding=\"async\" class=\"alignleft size-thumbnail wp-image-4015\" src=\"https:\/\/firetraite.ch\/wordpress\/wp-content\/uploads\/2024\/03\/Repas-printemps-150x150.jpg\" alt=\"\" width=\"150\" height=\"150\" \/><\/a>Nous avons le plaisir de vous convier \u00e0 notre repas printanier 2026<\/p>\n<p>Pour ce repas, nous avons choisi un restaurant que vous connaissez bien :<br \/>\n<strong>Le VG &#8211; Au Vieux Grenadier<br \/>\n<\/strong>rue de Carouge 92, <span class=\"LrzXr\">1205 Gen\u00e8ve<br \/>\n<\/span><span class=\"LrzXr\"><strong>R\u00e9ception d\u00e8s 11h30, ap\u00e9ritif \u00e0 12h00, repas \u00e0 12h30<\/strong><br \/>\n<\/span><\/p>\n<p style=\"text-align: left;\">Parking COOP ou MIGROS \u00e0 la rue Dancet, Trams 12 ou 18 et bus 91 arr\u00eat Augustins<\/p>\n<p style=\"text-align: justify;\"><span style=\"color: #000000;\">Le prix du repas est de <strong>4<\/strong><b><strong><span style=\"font-family: Arial; font-size: medium;\">0.- <\/span><\/strong><\/b><\/span><span style=\"color: #000000;\"><strong>CHF<\/strong> et sera encaiss\u00e9 par des membres du comit\u00e9 apr\u00e8s votre installation \u00e0 table. <strong>Merci de vous munir de l&rsquo;appoint exact pour le paiement<\/strong><em><strong>, cash, les cartes de cr\u00e9dit et TWINT ne sont pas accept\u00e9es.<\/strong><\/em><br \/>\nL\u2019ap\u00e9ritif, les boissons du repas et les caf\u00e9s sont offerts par la caisse du Groupement.<\/span><\/p>\n<p style=\"text-align: center;\"><strong>* * * MENU * * *<br \/>\n<\/strong><span style=\"color: #808080;\">Ap\u00e9ritif: vins blanc et rouge, eaux min\u00e9rales avec chips et cacahu\u00e8tes<\/span><br \/>\n<span style=\"color: #808080;\"><strong>* * *<br \/>\n<\/strong>Oeuf parfait, caviar de petits pois, oignons caram\u00e9lis\u00e9s et lardons<\/span><br \/>\n<span style=\"color: #808080;\">* * *<br \/>\nBoeuf bourguignon, petits oignons, champignons et carottes<\/span><br \/>\n<span style=\"color: #808080;\">accompagn\u00e9 de sa mousseline de pommes de terre<\/span><br \/>\n<span style=\"color: #808080;\">* * *<br \/>\nDuo de mousse, chocolats blanc et noir<\/span><br \/>\n<span style=\"color: #808080;\">Caf\u00e9 et th\u00e9<br \/>\n* * *<br \/>\nUne bouteille de Gamay ou Chasselas pour 4 personnes, carafe d\u2019eau sur les tables<br \/>\n(Bi\u00e8res pression ou bi\u00e8res sans alcool \u00e0 la demande \u00e0 la place du vin)<\/span><br \/>\n<span style=\"color: #808080;\">Digestifs \u00e9ventuels \u00e0 la charge de chacun<\/span><\/p>\n<p><strong>Inscription avec nouveau d\u00e9lai: au plus tard le 8 avril 2026<\/strong>, au moyen du formulaire d&rsquo;inscription ci-dessous<br \/>\n<strong><em>Ce repas est r\u00e9serv\u00e9 exclusivement aux membres du groupement<br \/>\n<\/em><\/strong><strong>Important<\/strong> : Les places disponibles sont d\u00e9sormais illimit\u00e9es, alors n&rsquo;attendez pas pour nous faire parvenir votre inscription<\/p>\n<p><strong>Formulaire d&rsquo;inscription<\/strong><br \/>\n\n<div class=\"wpcf7 no-js\" id=\"wpcf7-f4246-o1\" lang=\"fr-FR\" dir=\"ltr\" data-wpcf7-id=\"4246\">\n<div class=\"screen-reader-response\"><p role=\"status\" aria-live=\"polite\" aria-atomic=\"true\"><\/p> <ul><\/ul><\/div>\n<form action=\"\/wordpress\/index.php?rest_route=%2Fwp%2Fv2%2Fpages%2F4529#wpcf7-f4246-o1\" method=\"post\" class=\"wpcf7-form init\" aria-label=\"Formulaire de contact\" novalidate=\"novalidate\" data-status=\"init\">\n<div style=\"display: none;\">\n<input type=\"hidden\" name=\"_wpcf7\" value=\"4246\" \/>\n<input type=\"hidden\" name=\"_wpcf7_version\" value=\"6.0.5\" \/>\n<input type=\"hidden\" name=\"_wpcf7_locale\" value=\"fr_FR\" \/>\n<input type=\"hidden\" name=\"_wpcf7_unit_tag\" value=\"wpcf7-f4246-o1\" \/>\n<input type=\"hidden\" name=\"_wpcf7_container_post\" value=\"0\" \/>\n<input type=\"hidden\" name=\"_wpcf7_posted_data_hash\" value=\"\" \/>\n<\/div>\n<p>INSCRIPTION AU REPAS PRINTANIER\n<\/p>\n<p><span class=\"wpcf7-form-control-wrap\" data-name=\"checkbox-88\"><span class=\"wpcf7-form-control wpcf7-checkbox wpcf7-validates-as-required wpcf7-exclusive-checkbox\"><span class=\"wpcf7-list-item first\"><input type=\"checkbox\" name=\"checkbox-88\" value=\"Madame\" \/><span class=\"wpcf7-list-item-label\">Madame<\/span><\/span><span class=\"wpcf7-list-item last\"><input type=\"checkbox\" name=\"checkbox-88\" value=\"Monsieur\" \/><span class=\"wpcf7-list-item-label\">Monsieur<\/span><\/span><\/span><\/span>\n<\/p>\n<p>Obligatoire : Votre nom <span class=\"wpcf7-form-control-wrap\" data-name=\"your-name\"><input size=\"25\" maxlength=\"400\" class=\"wpcf7-form-control wpcf7-text wpcf7-validates-as-required\" aria-required=\"true\" aria-invalid=\"false\" value=\"\" type=\"text\" name=\"your-name\" \/><\/span> - Votre pr\u00e9nom <span class=\"wpcf7-form-control-wrap\" data-name=\"your-first-name\"><input size=\"25\" maxlength=\"400\" class=\"wpcf7-form-control wpcf7-text wpcf7-validates-as-required\" aria-required=\"true\" aria-invalid=\"false\" value=\"\" type=\"text\" name=\"your-first-name\" \/><\/span>\n<\/p>\n<p>Obligatoire : Votre email <span class=\"wpcf7-form-control-wrap\" data-name=\"your-email\"><input size=\"30\" maxlength=\"400\" class=\"wpcf7-form-control wpcf7-email wpcf7-validates-as-required wpcf7-text wpcf7-validates-as-email\" aria-required=\"true\" aria-invalid=\"false\" value=\"\" type=\"email\" name=\"your-email\" \/><\/span>\n<\/p>\n<p>N\u00b0 de mobile (format international) <span class=\"wpcf7-form-control-wrap\" data-name=\"Mobile\"><input size=\"18\" maxlength=\"400\" class=\"wpcf7-form-control wpcf7-text\" aria-invalid=\"false\" value=\"\" type=\"text\" name=\"Mobile\" \/><\/span>\n<\/p>\n<p>Veuillez confirmer votre inscription pour qu'elle soit valid\u00e9e :\n<\/p>\n<p><span class=\"wpcf7-form-control-wrap\" data-name=\"checkbox-839\"><span class=\"wpcf7-form-control wpcf7-checkbox\"><span class=\"wpcf7-list-item first last\"><input type=\"checkbox\" name=\"checkbox-839[]\" value=\"Oui, je m&#039;inscris au repas printanier\" \/><span class=\"wpcf7-list-item-label\">Oui, je m&#039;inscris au repas printanier<\/span><\/span><\/span><\/span>\n<\/p>\n<p>IMPORTANT : Les personnes qui s'inscrivent \u00e0 ce repas et qui, pour une raison ou une autre, ne pourront pas venir sont pri\u00e9es d'avertir 24 heures \u00e0 l'avance t\u00e9l. +41 79 370 35 63 ou pr\u00e9f\u00e9rablement au moyen du formulaire de contact disponible sur la page \"Nous contacter\".\n<\/p>\n<p>Votre message\n<\/p>\n<p><span class=\"wpcf7-form-control-wrap\" data-name=\"Remarque\"><input size=\"110\" maxlength=\"400\" class=\"wpcf7-form-control wpcf7-text\" aria-invalid=\"false\" value=\"\" type=\"text\" name=\"Remarque\" \/><\/span>\n<\/p>\n<p>En tapant ces 4 caract\u00e8res ci-dessous (CAPTCHA), vous nous \u00e9viterez une avalanche potentielle de spams sur notre email\n<\/p>\n<p><input type=\"hidden\" name=\"_wpcf7_captcha_challenge_captcha-870\" value=\"781527054\" \/><img loading=\"lazy\" decoding=\"async\" class=\"wpcf7-form-control wpcf7-captchac wpcf7-captcha-captcha-870\" width=\"72\" height=\"24\" alt=\"captcha\" src=\"https:\/\/firetraite.ch\/wordpress\/wp-content\/uploads\/wpcf7_captcha\/781527054.png\" \/><br \/>\n<span class=\"wpcf7-form-control-wrap\" data-name=\"captcha-870\"><input size=\"40\" class=\"wpcf7-form-control wpcf7-captchar\" autocomplete=\"off\" aria-invalid=\"false\" value=\"\" type=\"text\" name=\"captcha-870\" \/><\/span>\n<\/p>\n<p><input class=\"wpcf7-form-control wpcf7-submit has-spinner\" type=\"submit\" value=\"Envoyer\" \/>\n<\/p><p style=\"display: none !important;\" class=\"akismet-fields-container\" data-prefix=\"_wpcf7_ak_\"><label>&#916;<textarea name=\"_wpcf7_ak_hp_textarea\" cols=\"45\" rows=\"8\" maxlength=\"100\"><\/textarea><\/label><input type=\"hidden\" id=\"ak_js_1\" name=\"_wpcf7_ak_js\" value=\"171\"\/><script>document.getElementById( \"ak_js_1\" ).setAttribute( \"value\", ( new Date() ).getTime() );<\/script><\/p><div class=\"wpcf7-response-output\" aria-hidden=\"true\"><\/div>\n<\/form>\n<\/div>\n<\/p>\n<p>&nbsp;<\/p>\n<p>&nbsp;<\/p>\n<p><span style=\"color: #000000;\">\u00a0<\/span><\/p>\n<p><span style=\"color: #000000; font-family: Times New Roman;\">\u00a0<\/span><\/p>\n","protected":false},"excerpt":{"rendered":"<p>Rappel pour le repas printanier du 16 avril 2026 Nous avons le plaisir de vous convier \u00e0 notre repas printanier 2026 Pour ce repas, nous avons choisi un restaurant que vous connaissez bien : Le VG &#8211; Au Vieux Grenadier &hellip; <a href=\"https:\/\/firetraite.ch\/wordpress\/?page_id=4529\">Continuer la lecture <span class=\"meta-nav\">&rarr;<\/span><\/a><\/p>\n","protected":false},"author":1,"featured_media":0,"parent":13,"menu_order":0,"comment_status":"closed","ping_status":"closed","template":"showcase.php","meta":{"footnotes":""},"class_list":["post-4529","page","type-page","status-publish","hentry"],"_links":{"self":[{"href":"https:\/\/firetraite.ch\/wordpress\/index.php?rest_route=\/wp\/v2\/pages\/4529","targetHints":{"allow":["GET"]}}],"collection":[{"href":"https:\/\/firetraite.ch\/wordpress\/index.php?rest_route=\/wp\/v2\/pages"}],"about":[{"href":"https:\/\/firetraite.ch\/wordpress\/index.php?rest_route=\/wp\/v2\/types\/page"}],"author":[{"embeddable":true,"href":"https:\/\/firetraite.ch\/wordpress\/index.php?rest_route=\/wp\/v2\/users\/1"}],"replies":[{"embeddable":true,"href":"https:\/\/firetraite.ch\/wordpress\/index.php?rest_route=%2Fwp%2Fv2%2Fcomments&post=4529"}],"version-history":[{"count":9,"href":"https:\/\/firetraite.ch\/wordpress\/index.php?rest_route=\/wp\/v2\/pages\/4529\/revisions"}],"predecessor-version":[{"id":4587,"href":"https:\/\/firetraite.ch\/wordpress\/index.php?rest_route=\/wp\/v2\/pages\/4529\/revisions\/4587"}],"up":[{"embeddable":true,"href":"https:\/\/firetraite.ch\/wordpress\/index.php?rest_route=\/wp\/v2\/pages\/13"}],"wp:attachment":[{"href":"https:\/\/firetraite.ch\/wordpress\/index.php?rest_route=%2Fwp%2Fv2%2Fmedia&parent=4529"}],"curies":[{"name":"wp","href":"https:\/\/api.w.org\/{rel}","templated":true}]}}