{"id":648,"date":"2014-02-23T09:56:42","date_gmt":"2014-02-23T08:56:42","guid":{"rendered":"http:\/\/firetraite.ch\/wordpress\/?page_id=648"},"modified":"2014-02-23T10:36:43","modified_gmt":"2014-02-23T09:36:43","slug":"les-descriptions-olfactives","status":"publish","type":"page","link":"https:\/\/firetraite.ch\/wordpress\/?page_id=648","title":{"rendered":"Les descriptions olfactives"},"content":{"rendered":"<p style=\"text-align: justify;\"><span style=\"font-size: x-large;\"><strong>Les trois notes<br \/>\n<\/strong><\/span><span style=\"font-size: medium;\">L&rsquo;id\u00e9e de composer un parfum sur une base structur\u00e9e fut introduite par Andr\u00e9 Guerlain avec <em>Jicky<\/em> en 1889. Depuis., la plupart des parfums sont con\u00e7us selon le syst\u00e8me de la pyramide \u00e0 trois niveaux correspondant successivement aux notes de t\u00eate, de c\u0153ur et de fond.\u00a0<\/span><\/p>\n<p style=\"text-align: justify;\"><span style=\"color: #000000; font-size: medium;\"><strong>La note de t\u00eate<\/strong> : La note qui domine aussit\u00f4t apr\u00e8s l\u2018application d\u2019un parfum sur la peau. <\/span><span style=\"color: #000000; font-size: medium;\">Les notes de t\u00eate sont constitu\u00e9es de mati\u00e8res premi\u00e8res les plus l\u00e9g\u00e8res, les plus volatiles, q<span style=\"font-size: medium;\"><a href=\"https:\/\/firetraite.ch\/wordpress\/wp-content\/uploads\/2014\/02\/flacon-pyramide-3.jpg\"><img loading=\"lazy\" decoding=\"async\" class=\"alignleft size-medium wp-image-650\" alt=\"flacon-pyramide 3\" src=\"https:\/\/firetraite.ch\/wordpress\/wp-content\/uploads\/2014\/02\/flacon-pyramide-3-200x300.jpg\" width=\"200\" height=\"300\" srcset=\"https:\/\/firetraite.ch\/wordpress\/wp-content\/uploads\/2014\/02\/flacon-pyramide-3-200x300.jpg 200w, https:\/\/firetraite.ch\/wordpress\/wp-content\/uploads\/2014\/02\/flacon-pyramide-3.jpg 372w\" sizes=\"auto, (max-width: 200px) 100vw, 200px\" \/><\/a><\/span>ui vont ressortir d\u00e9s le d\u00e9part de l\u2019application, et disparaissent le plus vite, entre quelques minutes et 2 heures. Exemple\u00a0: les agrumes, les notes aromatiques menthes, eucalyptus.<\/span><\/p>\n<p style=\"text-align: justify;\"><span style=\"font-size: medium;\"><strong>La note de c\u0153ur<\/strong>\u00a0: Celle qui constitue le bouquet.<\/span> <span style=\"color: #000000; font-size: medium;\">Les mol\u00e9cules \u00e0 volatilit\u00e9 moyenne sont les notes de c\u0153ur, elles ont une dur\u00e9e de vie de 2 \u00e0 10 heures, et ont un r\u00f4le tampon\u00a0: prolonger la fra\u00eecheur des notes de t\u00eate, et annoncer la chaleur des notes de fond. Exemple\u00a0: les notes florales, \u00e9pic\u00e9es, ald\u00e9hydes.<\/span><\/p>\n<p style=\"text-align: justify;\"><span style=\"font-size: medium;\"><span style=\"color: #000000;\"><strong>La note de fond<\/strong>\u00a0: la note qui reste apr\u00e8s que le c\u0153ur du parfum ait disparu. Elle est d\u00e9finie surtout par les composants les moins fugitifs du parfum Les mol\u00e9cules les plus lourdes constituent les notes de fond, et ont une dur\u00e9e de vie beaucoup plus longue, de 8 heures \u00e0 plusieurs jours. Ce sont souvent elles qui donnent de la personnalit\u00e9 au parfum. Exemple\u00a0: notes vanill\u00e9es, bois\u00e9es, musqu\u00e9es, ambr\u00e9es.<\/span><\/span><\/p>\n<p style=\"text-align: justify;\"><span style=\"font-size: x-large;\"><strong>Les familles olfactives<\/strong><\/span><br \/>\nIl n&rsquo;existe aucune classification universelle. Avec les parfums renfermant un grand nombre de fragrances, celles-ci peuvent \u00eatre per\u00e7ues diff\u00e9remment\u00a0selon les personnes.<\/p>\n<p style=\"text-align: justify;\"><strong>Description des familles olfactives &#8211; <\/strong>extrait d&rsquo;un article de Renzo Cardini, AMICAL<em>Info<\/em> N\u00b0 81 mars 2006<\/p>\n<p style=\"text-align: justify;\"><span style=\"color: #000000;\"><strong>LES FLORAUX<\/strong><br \/>\n<\/span><span style=\"color: #000000;\">La plus importante, elle regroupe toutes les fragrances ayant pour th\u00e8me principal une fleur ou un bouquet. Tr\u00e8s f\u00e9minines, les compositions de ce type se r\u00e9partissent en neuf sous-groupes: soliflore (se r\u00e9f\u00e9rent \u00e0 une seule fleur). Soliflore lavande, bouquet floral, ald\u00e9hyd\u00e9, vert, bois\u00e9, fruit\u00e9, bois\u00e9, marin et fruit\u00e9. <\/span><span style=\"color: #000000;\">Exemples c\u00e9l\u00e8bres: Tr\u00e9sor, Lanc\u00f4me (bouquet floral). Arp\u00e8ge, Lanvin, N\u00b0 5, Chanel, (fleuri ald\u00e9hyd\u00e9). Diorissimo, (soliflore). White Linen, Est\u00e9e Lauder, (bouquet floral). Rive Gauche, (floral, ald\u00e9hyd\u00e9). <\/span><\/p>\n<p style=\"text-align: justify;\"><span style=\"color: #000000;\"><strong>LES FOUG\u00c8RES<\/strong><br \/>\n<\/span><span style=\"color: #000000;\">Ne pr\u00e9tendant pas se rapporter \u00e0 l&rsquo;odeur des foug\u00e8res, m\u00eame si c&rsquo;est la Foug\u00e8re Royale d&rsquo;Houbigant (1882) qui lui a donn\u00e9 son nom. Cette famille, six sous-groupes, repose sur des accords r\u00e9alis\u00e9s \u00e0 l&rsquo;aide de notes de lavande, de notes bois\u00e9es, mousse de ch\u00eane, coumarine, (f\u00e8ve tonka), bergamote, fleurie ambr\u00e9e, ambr\u00e9e douce, \u00e9pic\u00e9e aromatique, fruit\u00e9e. <\/span><span style=\"color: #000000;\">Exemples c\u00e9l\u00e8bres: Jicky, Guerlain, Moustache, Rochas, Azzaro pour Homme (foug\u00e8re aromatique), Monsieur Rochas (foug\u00e8re \u00e9pic\u00e9e). <\/span><\/p>\n<p style=\"text-align: justify;\"><span style=\"color: #000000;\"><strong>LES CHYPRES<\/strong><br \/>\n<\/span><span style=\"color: #000000;\">Doivent leur appellation au Chypre (1917) de Fran\u00e7ois Coty. Un grand succ\u00e8s. Les chypres f\u00e9minins, reposent en majorit\u00e9 sur des accords de mousse de ch\u00eane, ciste-labdanum, patchouli, bergamote. La distinction s&rsquo;op\u00e8re entre les chypres: fruit\u00e9, fleuri, ald\u00e9hyd\u00e9, cuir, aromatique, vert et fleuri. <\/span><span style=\"color: #000000;\">Exemples c\u00e9l\u00e8bres: Miss Dior, (chypre vert), Cal\u00e8che, Herm\u00e8s, Chant d&rsquo;Ar\u00f4mes, Guerlain, (chypr\u00e9,fleuri,ald\u00e9hyd\u00e9). Polo, Ralph Lauren, La Nuit, Paco Rabanne,(chypr\u00e9 cuir).\u00a0<\/span><span style=\"color: #000000;\">\u00a0<\/span><\/p>\n<p style=\"text-align: justify;\"><span style=\"color: #000000;\"><strong>LES HESPERID\u00c9S<\/strong><br \/>\n<\/span><span style=\"color: #000000;\">Les hesp\u00e9rid\u00e9s, tirent leur nom, du jardin des dieux, dont les arbres produisaient des pommes d&rsquo;or assurant l&rsquo;immortalit\u00e9. Cette famille regroupe des parfums (eaux) \u00e0 base d&rsquo;agrumes : Orange, citron, mandarine, bergamote. Donc, enrichis d&rsquo;huiles essentielles obtenues, par expression du zeste de leur propre fruit. Ces \u00ab notes \u00bb, se retrouvent souvent en notes de t\u00eate. Il y a six sous \u00adgroupes: \u00e9pic\u00e9, aromatique, fleuri, fleuri-chypr\u00e9, bois\u00e9, fleuri-bois\u00e9. <\/span><span style=\"color: #000000;\">Exemples c\u00e9l\u00e8bres: Eaux de Cologne, Eau Sauvage, Dior (hesp\u00e9rid\u00e9, fleuri, chypr\u00e9). Bulgari, (hesp\u00e9rid\u00e9, fleuri, bois\u00e9). Eau d&rsquo;Herm\u00e8s, (hesp\u00e9rid\u00e9, fleuri, \u00e9pic\u00e9). <\/span><\/p>\n<p style=\"text-align: justify;\"><span style=\"color: #000000;\"><strong>LES BOIS\u00c9S<\/strong><br \/>\n<\/span><span style=\"color: #000000;\">Essentiellement masculins, les bois\u00e9s contiennent des essences de bois. Santal, c\u00e8dre, pin, du patchouli ou du v\u00e9tiver. Leurs notes chaudes, riches, combin\u00e9es, souvent, avec des notes de t\u00eates, lavand\u00e9es ou hesp\u00e9rid\u00e9es. Sept groupes: conif\u00e8re, hesp\u00e9rid\u00e9s, \u00e9pic\u00e9, ambr\u00e9, aromatique, \u00e9pic\u00e9, cuir, marin et fruit\u00e9. <\/span><span style=\"color: #000000;\">Exemples c\u00e9l\u00e8bres: V\u00e9tiver, Guerlain (bois\u00e9 \u00e9pic\u00e9). Santos, Cartier (bois\u00e9 ambr\u00e9). Ego\u00efste, Chanel (bois\u00e9 \u00e9pic\u00e9). Kenzo pour Homme, (bois\u00e9 marin). <\/span><\/p>\n<p style=\"text-align: justify;\"><span style=\"color: #000000;\"><strong>LES AMBR\u00c9S<\/strong><br \/>\n<\/span><span style=\"color: #000000;\">Souvent qualifi\u00e9 d&rsquo;orientaux, en raison de leur tonalit\u00e9 sensuelle, chaleureuse, les ambr\u00e9s ont une odeur persistante faite de senteurs vanill\u00e9es, poudr\u00e9es, animales. Ils comprennent six groupes: ambr\u00e9 doux, fleuri \u00e9pic\u00e9, hesp\u00e9rid\u00e9s, fleuri bois\u00e9, ambr\u00e9 fleuri, fleuri fruit\u00e9. (l&rsquo;ambre gris, naturel se forme dans l&rsquo;estomac du cachalot, une auto-d\u00e9fense du c\u00e9tac\u00e9 envers l&rsquo;indigestibil\u00e9 des becs de seiche, avant d&rsquo;\u00eatre expuls\u00e9, par lui , sous forme de concr\u00e9tions que l&rsquo;on trouve, parfois flottantes, le plus souvent \u00e9chou\u00e9es sur les plages). <\/span><span style=\"color: #000000;\">Exemples c\u00e9l\u00e8bres: Shalimar, Guerlain. Ysatis, Givenchy (ambr\u00e9, fleuri, bois\u00e9). Dioressence, (semi-ambr\u00e9, fleuri). Organza, Givenchy (fleuri, \u00e9pic\u00e9). <\/span><\/p>\n<p style=\"text-align: justify;\"><span style=\"color: #000000;\"><strong>LES CUIRS<\/strong><br \/>\n<\/span><span style=\"color: #000000;\">Ils renferment des notes s\u00e8ches et, tr\u00e8s s\u00e8ches. Ils rappellent l&rsquo;odeur du cuir, des tabacs, des fum\u00e9es, des bois br\u00fbl\u00e9s. C&rsquo;est un groupe relativement restreint, pour le moment du moins, se d\u00e9partageant entre des directions \u00ab cuir-fleuri \u00bb et \u00abcuir-tabac \u00bb. <span style=\"font-family: Arial; font-size: medium;\">\u00a0<\/span>Exemples c\u00e9l\u00e8bres: Cuir de Russie, Chanel. Tabac Blond, Caron. Bel Ami, Herm\u00e8s. <\/span><\/p>\n<p><span style=\"color: #000000; font-family: Times New Roman; font-size: small;\">\u00a0<\/span><\/p>\n<p>&nbsp;<\/p>\n","protected":false},"excerpt":{"rendered":"<p>Les trois notes L&rsquo;id\u00e9e de composer un parfum sur une base structur\u00e9e fut introduite par Andr\u00e9 Guerlain avec Jicky en 1889. Depuis., la plupart des parfums sont con\u00e7us selon le syst\u00e8me de la pyramide \u00e0 trois niveaux correspondant successivement aux &hellip; <a href=\"https:\/\/firetraite.ch\/wordpress\/?page_id=648\">Continuer la lecture <span class=\"meta-nav\">&rarr;<\/span><\/a><\/p>\n","protected":false},"author":1,"featured_media":0,"parent":611,"menu_order":0,"comment_status":"closed","ping_status":"closed","template":"showcase.php","meta":{"footnotes":""},"class_list":["post-648","page","type-page","status-publish","hentry"],"_links":{"self":[{"href":"https:\/\/firetraite.ch\/wordpress\/index.php?rest_route=\/wp\/v2\/pages\/648","targetHints":{"allow":["GET"]}}],"collection":[{"href":"https:\/\/firetraite.ch\/wordpress\/index.php?rest_route=\/wp\/v2\/pages"}],"about":[{"href":"https:\/\/firetraite.ch\/wordpress\/index.php?rest_route=\/wp\/v2\/types\/page"}],"author":[{"embeddable":true,"href":"https:\/\/firetraite.ch\/wordpress\/index.php?rest_route=\/wp\/v2\/users\/1"}],"replies":[{"embeddable":true,"href":"https:\/\/firetraite.ch\/wordpress\/index.php?rest_route=%2Fwp%2Fv2%2Fcomments&post=648"}],"version-history":[{"count":0,"href":"https:\/\/firetraite.ch\/wordpress\/index.php?rest_route=\/wp\/v2\/pages\/648\/revisions"}],"up":[{"embeddable":true,"href":"https:\/\/firetraite.ch\/wordpress\/index.php?rest_route=\/wp\/v2\/pages\/611"}],"wp:attachment":[{"href":"https:\/\/firetraite.ch\/wordpress\/index.php?rest_route=%2Fwp%2Fv2%2Fmedia&parent=648"}],"curies":[{"name":"wp","href":"https:\/\/api.w.org\/{rel}","templated":true}]}}