{"id":97,"date":"2013-09-26T22:01:00","date_gmt":"2013-09-26T21:01:00","guid":{"rendered":"http:\/\/firetraite.ch\/wordpress\/?page_id=97"},"modified":"2026-03-23T10:52:52","modified_gmt":"2026-03-23T09:52:52","slug":"amicale-info-2","status":"publish","type":"page","link":"https:\/\/firetraite.ch\/wordpress\/?page_id=97","title":{"rendered":"Amical Info"},"content":{"rendered":"<p><em><strong><span style=\"font-family: trebuchet ms, geneva, sans-serif; font-size: 36pt;\">Amical Info<\/span><\/strong><\/em><strong><br \/>\nBulletin trimestriel des retrait\u00e9-e-s de Firmenich SA<\/strong><br \/>\n<span style=\"font-size: 10pt;\"><em>Les \u00e9ditions ant\u00e9rieures sont disponibles par articles depuis les liens suivants : <strong><a href=\"https:\/\/firetraite.ch\/wordpress\/?page_id=1416\" target=\"_blank\" rel=\"noopener noreferrer\">2013<\/a>, <a href=\"https:\/\/firetraite.ch\/wordpress\/?page_id=1420\" target=\"_blank\" rel=\"noopener noreferrer\">2014<\/a>, <a href=\"https:\/\/firetraite.ch\/wordpress\/?page_id=1441\" target=\"_blank\" rel=\"noopener noreferrer\">2015<\/a>, <a href=\"https:\/\/firetraite.ch\/wordpress\/?page_id=1856\" target=\"_blank\" rel=\"noopener noreferrer\">2016<\/a>, <a href=\"https:\/\/firetraite.ch\/wordpress\/?page_id=2267\" target=\"_blank\" rel=\"noopener noreferrer\">2017<\/a>, <a href=\"https:\/\/firetraite.ch\/wordpress\/?page_id=2823\" target=\"_blank\" rel=\"noopener noreferrer\">2018<\/a>, <a href=\"https:\/\/firetraite.ch\/wordpress\/?page_id=2826\" target=\"_blank\" rel=\"noopener noreferrer\">2019<\/a>,<\/strong><\/em><em><strong><a href=\"https:\/\/firetraite.ch\/wordpress\/?page_id=3115\" target=\"_blank\" rel=\"noopener noreferrer\"> 2020<\/a>, <a href=\"https:\/\/firetraite.ch\/wordpress\/?page_id=3374\" target=\"_blank\" rel=\"noopener noreferrer\">2021<\/a>, <a href=\"https:\/\/firetraite.ch\/wordpress\/?page_id=3731\" target=\"_blank\" rel=\"noopener noreferrer\">2022<\/a>, <a href=\"https:\/\/firetraite.ch\/wordpress\/?page_id=4036\" target=\"_blank\" rel=\"noopener noreferrer\">2023<\/a>,<a href=\"https:\/\/firetraite.ch\/wordpress\/?page_id=4231\" target=\"_blank\" rel=\"noopener\"> 2024<\/a>, <a href=\"https:\/\/firetraite.ch\/wordpress\/?page_id=4564\" target=\"_blank\" rel=\"noopener\">2025<\/a><\/strong><br \/>\n<\/em><\/span><span style=\"font-size: 10pt;\">R\u00e9daction : Selon la liste des articles ci-dessous<\/span><br \/>\n<span style=\"font-size: 10pt;\">Responsables \u00e9ditorial : Letizia Rocci et Claude Maury<strong><br \/>\n<\/strong>Mise en forme et publication des articles sur Firetraite.ch : Letizia Rocci et Claude Maury<br \/>\nDistribution par courrier postal de la version papier : La r\u00e9daction du journal <em>(cette distribution est r\u00e9serv\u00e9e aux membres cotisants n&rsquo;ayant pas d&rsquo;Email)<\/em><\/span><br \/>\n<span style=\"font-size: 10pt;\">Pour afficher un article, cliquez sur un des liens (en bleu) ci-dessous<\/span><\/p>\n<p><strong>Edition N\u00b0161 mars 2026<br \/>\n<\/strong><a href=\"https:\/\/firetraite.ch\/amicale_info\/2026\/161 Intelligence artificielle.pdf\" target=\"_blank\" rel=\"noopener noreferrer\">Intelligence artificielle<\/a> \u2013 G\u00e9rard SINGY<br \/>\n<a href=\"https:\/\/firetraite.ch\/amicale_info\/2026\/161 Les Zeppelins.pdf\" target=\"_blank\" rel=\"noopener noreferrer\">Les Zeppelins<\/a> \u2013 Pierre-L\u00e9onard ZAFFALON<br \/>\n<a href=\"https:\/\/firetraite.ch\/amicale_info\/2026\/161 Physiologie humaine \u2013 gestion efficace de ses propres ressources.pdf\" target=\"_blank\" rel=\"noopener noreferrer\">Physiologie humaine<\/a> \u2013 Jean-Marie BOSSY &amp; Letizia ROCCI<br \/>\n<a href=\"https:\/\/firetraite.ch\/amicale_info\/2026\/161 Nos communications par email.pdf\" target=\"_blank\" rel=\"noopener noreferrer\">Nos communications par email<\/a> \u2013 Claude MAURY<br \/>\n<a href=\"https:\/\/firetraite.ch\/amicale_info\/2026\/161 Le parler Carougeois des ann\u00e9es 1930.pdf\" target=\"_blank\" rel=\"noopener noreferrer\">Le parler Carougeois des ann\u00e9es 1930<\/a> \u2013 Letizia ROCCI<br \/>\n<a href=\"https:\/\/firetraite.ch\/amicale_info\/2026\/161 Informations aux membres.pdf\" target=\"_blank\" rel=\"noopener noreferrer\">Informations aux membres<\/a> \u2013 Letizia ROCCI<br \/>\n<a href=\"https:\/\/firetraite.ch\/amicale_info\/2026\/161 Nouvelles du groupement.pdf\" target=\"_blank\" rel=\"noopener noreferrer\">Nouvelles du Groupement<\/a> \u2013 Claude MAURY et Alain TAGAND<br \/>\n<em><a href=\"https:\/\/firetraite.ch\/amicale_info\/2026\/161 Journal Amical Info.pdf\" target=\"_blank\" rel=\"noopener noreferrer\">Le bulletin N\u00b0161<\/a>. Pour l&rsquo;impression &#8211; <a href=\"https:\/\/firetraite.ch\/wordpress\/?page_id=2810\" target=\"_blank\" rel=\"noopener noreferrer\">Comment imprimer<\/a> un article ou le journal au complet<\/em><\/p>\n<p>&nbsp;<\/p>\n<p>Le logiciel gratuit Adobe Reader (version 9 ou plus) est n\u00e9cessaire pour afficher ou imprimer nos documents PDF. S&rsquo;il n&rsquo;est pas d\u00e9j\u00e0 install\u00e9 sur votre PC, vous pouvez l&rsquo;installer \u00e0 partir du lien <a title=\"T\u00e9l\u00e9charger er installer Adobe Reader\" href=\"http:\/\/get.adobe.com\/fr\/reader\/\" target=\"_blank\" rel=\"noopener noreferrer\">http:\/\/get.adobe.com\/fr\/reader\/\u00a0 <\/a><strong><br \/>\nAttention :<\/strong> <em>avant de le t\u00e9l\u00e9charger, d\u00e9cochez l&rsquo;offre facultative pour \u00e9viter toute installation d&rsquo;une autre logiciel<\/em><\/p>\n","protected":false},"excerpt":{"rendered":"<p>Amical Info Bulletin trimestriel des retrait\u00e9-e-s de Firmenich SA Les \u00e9ditions ant\u00e9rieures sont disponibles par articles depuis les liens suivants : 2013, 2014, 2015, 2016, 2017, 2018, 2019, 2020, 2021, 2022, 2023, 2024, 2025 R\u00e9daction : Selon la liste des &hellip; <a href=\"https:\/\/firetraite.ch\/wordpress\/?page_id=97\">Continuer la lecture <span class=\"meta-nav\">&rarr;<\/span><\/a><\/p>\n","protected":false},"author":1,"featured_media":0,"parent":0,"menu_order":0,"comment_status":"closed","ping_status":"closed","template":"showcase.php","meta":{"footnotes":""},"class_list":["post-97","page","type-page","status-publish","hentry"],"_links":{"self":[{"href":"https:\/\/firetraite.ch\/wordpress\/index.php?rest_route=\/wp\/v2\/pages\/97","targetHints":{"allow":["GET"]}}],"collection":[{"href":"https:\/\/firetraite.ch\/wordpress\/index.php?rest_route=\/wp\/v2\/pages"}],"about":[{"href":"https:\/\/firetraite.ch\/wordpress\/index.php?rest_route=\/wp\/v2\/types\/page"}],"author":[{"embeddable":true,"href":"https:\/\/firetraite.ch\/wordpress\/index.php?rest_route=\/wp\/v2\/users\/1"}],"replies":[{"embeddable":true,"href":"https:\/\/firetraite.ch\/wordpress\/index.php?rest_route=%2Fwp%2Fv2%2Fcomments&post=97"}],"version-history":[{"count":237,"href":"https:\/\/firetraite.ch\/wordpress\/index.php?rest_route=\/wp\/v2\/pages\/97\/revisions"}],"predecessor-version":[{"id":4576,"href":"https:\/\/firetraite.ch\/wordpress\/index.php?rest_route=\/wp\/v2\/pages\/97\/revisions\/4576"}],"wp:attachment":[{"href":"https:\/\/firetraite.ch\/wordpress\/index.php?rest_route=%2Fwp%2Fv2%2Fmedia&parent=97"}],"curies":[{"name":"wp","href":"https:\/\/api.w.org\/{rel}","templated":true}]}}